{"id":6,"date":"2022-09-02T17:40:21","date_gmt":"2022-09-02T15:40:21","guid":{"rendered":"http:\/\/eifeil.com\/di13089-ovh\/?page_id=6"},"modified":"2026-04-20T16:29:57","modified_gmt":"2026-04-20T14:29:57","slug":"eifeil","status":"publish","type":"page","link":"https:\/\/eifeil.com\/","title":{"rendered":"Accueil"},"content":{"rendered":"\t\t<div data-elementor-type=\"wp-page\" data-elementor-id=\"6\" class=\"elementor elementor-6\">\n\t\t\t\t\t\t<section class=\"elementor-section elementor-top-section elementor-element elementor-element-24d019d elementor-section-stretched elementor-section-boxed elementor-section-height-default elementor-section-height-default\" data-id=\"24d019d\" data-element_type=\"section\" data-e-type=\"section\" data-settings=\"{&quot;stretch_section&quot;:&quot;section-stretched&quot;,&quot;background_background&quot;:&quot;classic&quot;}\">\n\t\t\t\t\t\t\t<div class=\"elementor-background-overlay\"><\/div>\n\t\t\t\t\t\t\t<div class=\"elementor-container elementor-column-gap-default\">\n\t\t\t\t\t<div class=\"elementor-column elementor-col-100 elementor-top-column elementor-element elementor-element-22929bd\" data-id=\"22929bd\" data-element_type=\"column\" data-e-type=\"column\" data-settings=\"{&quot;background_background&quot;:&quot;gradient&quot;}\">\n\t\t\t<div class=\"elementor-widget-wrap elementor-element-populated\">\n\t\t\t\t\t\t<div class=\"elementor-element elementor-element-f3e9ef9 elementor-widget elementor-widget-spacer\" data-id=\"f3e9ef9\" data-element_type=\"widget\" data-e-type=\"widget\" data-widget_type=\"spacer.default\">\n\t\t\t\t<div class=\"elementor-widget-container\">\n\t\t\t\t\t\t\t<div class=\"elementor-spacer\">\n\t\t\t<div class=\"elementor-spacer-inner\"><\/div>\n\t\t<\/div>\n\t\t\t\t\t\t<\/div>\n\t\t\t\t<\/div>\n\t\t\t\t<div class=\"elementor-element elementor-element-10f2db6 elementor-widget elementor-widget-spacer\" data-id=\"10f2db6\" data-element_type=\"widget\" data-e-type=\"widget\" data-widget_type=\"spacer.default\">\n\t\t\t\t<div class=\"elementor-widget-container\">\n\t\t\t\t\t\t\t<div class=\"elementor-spacer\">\n\t\t\t<div class=\"elementor-spacer-inner\"><\/div>\n\t\t<\/div>\n\t\t\t\t\t\t<\/div>\n\t\t\t\t<\/div>\n\t\t\t\t<div class=\"elementor-element elementor-element-9c98089 elementor-widget elementor-widget-heading\" data-id=\"9c98089\" data-element_type=\"widget\" data-e-type=\"widget\" data-widget_type=\"heading.default\">\n\t\t\t\t<div class=\"elementor-widget-container\">\n\t\t\t\t\t<h2 class=\"elementor-heading-title elementor-size-default\">Soyez les bienvenus !<\/h2>\t\t\t\t<\/div>\n\t\t\t\t<\/div>\n\t\t\t\t<div class=\"elementor-element elementor-element-0aafdd0 elementor-widget elementor-widget-spacer\" data-id=\"0aafdd0\" data-element_type=\"widget\" data-e-type=\"widget\" data-widget_type=\"spacer.default\">\n\t\t\t\t<div class=\"elementor-widget-container\">\n\t\t\t\t\t\t\t<div class=\"elementor-spacer\">\n\t\t\t<div class=\"elementor-spacer-inner\"><\/div>\n\t\t<\/div>\n\t\t\t\t\t\t<\/div>\n\t\t\t\t<\/div>\n\t\t\t\t<div class=\"elementor-element elementor-element-f8a405b elementor-widget elementor-widget-text-editor\" data-id=\"f8a405b\" data-element_type=\"widget\" data-e-type=\"widget\" data-widget_type=\"text-editor.default\">\n\t\t\t\t<div class=\"elementor-widget-container\">\n\t\t\t\t\t\t\t\t\t<p style=\"padding-left: 40px; text-align: center;\">Depuis 2011, <strong data-start=\"143\" data-end=\"153\">EIFEIL<\/strong> est le c\u0153ur battant des \u00e9diteurs de musique ind\u00e9pendants en France !\u00a0<\/p><p style=\"padding-left: 40px;\">Notre mission ? <strong data-start=\"239\" data-end=\"277\">f\u00e9d\u00e9rer, soutenir et faire briller<\/strong> la profession \u00e0 tous les niveaux : droits d\u2019auteur, emploi, d\u00e9veloppement des m\u00e9tiers et p\u00e9rennit\u00e9 du secteur.<\/p><p style=\"padding-left: 40px;\" data-start=\"392\" data-end=\"791\">Gr\u00e2ce \u00e0 <strong data-start=\"400\" data-end=\"436\">nos formations, EditA, Cr\u00e9async<\/strong>, nos <strong data-start=\"442\" data-end=\"461\">ateliers-d\u00e9bats<\/strong>, nos <strong data-start=\"467\" data-end=\"498\">rencontres professionnelles<\/strong> et nos <strong data-start=\"506\" data-end=\"520\">s\u00e9minaires<\/strong>, nous offrons \u00e0 chaque \u00e9diteur les outils, le r\u00e9seau et l\u2019expertise pour se professionnaliser, innover et \u00e9changer. Avec EIFEIL, vous \u00eates au centre d\u2019un <strong data-start=\"675\" data-end=\"706\">\u00e9cosyst\u00e8me vivant et engag\u00e9<\/strong>, o\u00f9 chaque initiative contribue \u00e0 faire avancer la musique ind\u00e9pendante en France.<\/p><p style=\"padding-left: 40px;\" data-start=\"793\" data-end=\"881\"><strong data-start=\"793\" data-end=\"879\">Rejoignez-nous, formez-vous, d\u00e9battez, rencontrez\u2026 et faites partie du mouvement !<\/strong><\/p>\t\t\t\t\t\t\t\t<\/div>\n\t\t\t\t<\/div>\n\t\t\t\t<div class=\"elementor-element elementor-element-4b5b8f0 elementor-align-center elementor-widget elementor-widget-button\" data-id=\"4b5b8f0\" data-element_type=\"widget\" data-e-type=\"widget\" data-widget_type=\"button.default\">\n\t\t\t\t<div class=\"elementor-widget-container\">\n\t\t\t\t\t\t\t\t\t<div class=\"elementor-button-wrapper\">\n\t\t\t\t\t<a class=\"elementor-button elementor-button-link elementor-size-sm\" href=\"https:\/\/eifeil.com\/index.php\/a-propos\/\" target=\"_blank\">\n\t\t\t\t\t\t<span class=\"elementor-button-content-wrapper\">\n\t\t\t\t\t\t\t\t\t<span class=\"elementor-button-text\">En savoir plus<\/span>\n\t\t\t\t\t<\/span>\n\t\t\t\t\t<\/a>\n\t\t\t\t<\/div>\n\t\t\t\t\t\t\t\t<\/div>\n\t\t\t\t<\/div>\n\t\t\t\t<div class=\"elementor-element elementor-element-f82503d elementor-hidden-mobile elementor-widget elementor-widget-spacer\" data-id=\"f82503d\" data-element_type=\"widget\" data-e-type=\"widget\" data-widget_type=\"spacer.default\">\n\t\t\t\t<div class=\"elementor-widget-container\">\n\t\t\t\t\t\t\t<div class=\"elementor-spacer\">\n\t\t\t<div class=\"elementor-spacer-inner\"><\/div>\n\t\t<\/div>\n\t\t\t\t\t\t<\/div>\n\t\t\t\t<\/div>\n\t\t\t\t\t<\/div>\n\t\t<\/div>\n\t\t\t\t\t<\/div>\n\t\t<\/section>\n\t\t\t\t<section class=\"elementor-section elementor-top-section elementor-element elementor-element-33d2df2 elementor-section-stretched elementor-section-boxed elementor-section-height-default elementor-section-height-default\" data-id=\"33d2df2\" data-element_type=\"section\" data-e-type=\"section\" data-settings=\"{&quot;stretch_section&quot;:&quot;section-stretched&quot;}\">\n\t\t\t\t\t\t<div class=\"elementor-container elementor-column-gap-default\">\n\t\t\t\t\t<div class=\"elementor-column elementor-col-100 elementor-top-column elementor-element elementor-element-c57d6ed\" data-id=\"c57d6ed\" data-element_type=\"column\" data-e-type=\"column\">\n\t\t\t<div class=\"elementor-widget-wrap elementor-element-populated\">\n\t\t\t\t\t\t<div class=\"elementor-element elementor-element-a11e05d elementor-widget elementor-widget-spacer\" data-id=\"a11e05d\" data-element_type=\"widget\" data-e-type=\"widget\" data-widget_type=\"spacer.default\">\n\t\t\t\t<div class=\"elementor-widget-container\">\n\t\t\t\t\t\t\t<div class=\"elementor-spacer\">\n\t\t\t<div class=\"elementor-spacer-inner\"><\/div>\n\t\t<\/div>\n\t\t\t\t\t\t<\/div>\n\t\t\t\t<\/div>\n\t\t\t\t<div class=\"elementor-element elementor-element-c9bf1fa elementor-widget elementor-widget-heading\" data-id=\"c9bf1fa\" data-element_type=\"widget\" data-e-type=\"widget\" data-widget_type=\"heading.default\">\n\t\t\t\t<div class=\"elementor-widget-container\">\n\t\t\t\t\t<h2 class=\"elementor-heading-title elementor-size-default\">EditA 2026 vous donne RDV \u00e0 Bordeaux<\/h2>\t\t\t\t<\/div>\n\t\t\t\t<\/div>\n\t\t\t\t<div class=\"elementor-element elementor-element-2b4e85f elementor-widget elementor-widget-heading\" data-id=\"2b4e85f\" data-element_type=\"widget\" data-e-type=\"widget\" data-widget_type=\"heading.default\">\n\t\t\t\t<div class=\"elementor-widget-container\">\n\t\t\t\t\t<h2 class=\"elementor-heading-title elementor-size-default\">Rock School Barbey, Bordeaux<\/h2>\t\t\t\t<\/div>\n\t\t\t\t<\/div>\n\t\t\t\t<div class=\"elementor-element elementor-element-fffa993 elementor-widget elementor-widget-heading\" data-id=\"fffa993\" data-element_type=\"widget\" data-e-type=\"widget\" data-widget_type=\"heading.default\">\n\t\t\t\t<div class=\"elementor-widget-container\">\n\t\t\t\t\t<h2 class=\"elementor-heading-title elementor-size-default\">18 Juin 2026<\/h2>\t\t\t\t<\/div>\n\t\t\t\t<\/div>\n\t\t\t\t<div class=\"elementor-element elementor-element-0a8c739 elementor-widget elementor-widget-heading\" data-id=\"0a8c739\" data-element_type=\"widget\" data-e-type=\"widget\" data-widget_type=\"heading.default\">\n\t\t\t\t<div class=\"elementor-widget-container\">\n\t\t\t\t\t<h3 class=\"elementor-heading-title elementor-size-default\">En entr\u00e9e libre sur accr\u00e9ditation<\/h3>\t\t\t\t<\/div>\n\t\t\t\t<\/div>\n\t\t\t\t<div class=\"elementor-element elementor-element-81ff48e elementor-widget elementor-widget-image\" data-id=\"81ff48e\" data-element_type=\"widget\" data-e-type=\"widget\" data-widget_type=\"image.default\">\n\t\t\t\t<div class=\"elementor-widget-container\">\n\t\t\t\t\t\t\t\t\t\t\t\t\t\t\t<img fetchpriority=\"high\" decoding=\"async\" width=\"818\" height=\"458\" src=\"https:\/\/eifeil.com\/wp-content\/uploads\/2026\/04\/Rock-School-Barbey-EditA.jpeg\" class=\"attachment-large size-large wp-image-8905\" alt=\"\" srcset=\"https:\/\/eifeil.com\/wp-content\/uploads\/2026\/04\/Rock-School-Barbey-EditA.jpeg 818w, https:\/\/eifeil.com\/wp-content\/uploads\/2026\/04\/Rock-School-Barbey-EditA-300x168.jpeg 300w, https:\/\/eifeil.com\/wp-content\/uploads\/2026\/04\/Rock-School-Barbey-EditA-768x430.jpeg 768w, https:\/\/eifeil.com\/wp-content\/uploads\/2026\/04\/Rock-School-Barbey-EditA-230x129.jpeg 230w, https:\/\/eifeil.com\/wp-content\/uploads\/2026\/04\/Rock-School-Barbey-EditA-350x196.jpeg 350w, https:\/\/eifeil.com\/wp-content\/uploads\/2026\/04\/Rock-School-Barbey-EditA-480x269.jpeg 480w\" sizes=\"(max-width: 818px) 100vw, 818px\" \/>\t\t\t\t\t\t\t\t\t\t\t\t\t\t\t<\/div>\n\t\t\t\t<\/div>\n\t\t\t\t<section class=\"elementor-section elementor-inner-section elementor-element elementor-element-ded0e14 elementor-section-boxed elementor-section-height-default elementor-section-height-default\" data-id=\"ded0e14\" data-element_type=\"section\" data-e-type=\"section\">\n\t\t\t\t\t\t<div class=\"elementor-container elementor-column-gap-default\">\n\t\t\t\t\t<div class=\"elementor-column elementor-col-50 elementor-inner-column elementor-element elementor-element-4da3bae\" data-id=\"4da3bae\" data-element_type=\"column\" data-e-type=\"column\">\n\t\t\t<div class=\"elementor-widget-wrap elementor-element-populated\">\n\t\t\t\t\t\t<div class=\"elementor-element elementor-element-6a0e6c2 elementor-align-center elementor-widget elementor-widget-button\" data-id=\"6a0e6c2\" data-element_type=\"widget\" data-e-type=\"widget\" data-widget_type=\"button.default\">\n\t\t\t\t<div class=\"elementor-widget-container\">\n\t\t\t\t\t\t\t\t\t<div class=\"elementor-button-wrapper\">\n\t\t\t\t\t<a class=\"elementor-button elementor-button-link elementor-size-sm elementor-animation-grow\" href=\"https:\/\/docs.google.com\/forms\/d\/e\/1FAIpQLScnD8xDvnBFYdhbsUwNWfmaywEt0ROl19UkWKPGn6315S1dog\/viewform?usp=sharing&#038;ouid=105678335721367006905\" target=\"_blank\">\n\t\t\t\t\t\t<span class=\"elementor-button-content-wrapper\">\n\t\t\t\t\t\t\t\t\t<span class=\"elementor-button-text\">S'inscrire \u00e0 EditA 2026<\/span>\n\t\t\t\t\t<\/span>\n\t\t\t\t\t<\/a>\n\t\t\t\t<\/div>\n\t\t\t\t\t\t\t\t<\/div>\n\t\t\t\t<\/div>\n\t\t\t\t\t<\/div>\n\t\t<\/div>\n\t\t\t\t<div class=\"elementor-column elementor-col-50 elementor-inner-column elementor-element elementor-element-ce323ae\" data-id=\"ce323ae\" data-element_type=\"column\" data-e-type=\"column\">\n\t\t\t<div class=\"elementor-widget-wrap elementor-element-populated\">\n\t\t\t\t\t\t<div class=\"elementor-element elementor-element-bdfbe86 elementor-align-center elementor-widget elementor-widget-button\" data-id=\"bdfbe86\" data-element_type=\"widget\" data-e-type=\"widget\" data-widget_type=\"button.default\">\n\t\t\t\t<div class=\"elementor-widget-container\">\n\t\t\t\t\t\t\t\t\t<div class=\"elementor-button-wrapper\">\n\t\t\t\t\t<a class=\"elementor-button elementor-button-link elementor-size-sm elementor-animation-grow\" href=\"https:\/\/eifeil.com\/index.php\/edita-event-salon-de-ledition-musicale\/\" target=\"_blank\">\n\t\t\t\t\t\t<span class=\"elementor-button-content-wrapper\">\n\t\t\t\t\t\t\t\t\t<span class=\"elementor-button-text\">Voir la programmation<\/span>\n\t\t\t\t\t<\/span>\n\t\t\t\t\t<\/a>\n\t\t\t\t<\/div>\n\t\t\t\t\t\t\t\t<\/div>\n\t\t\t\t<\/div>\n\t\t\t\t\t<\/div>\n\t\t<\/div>\n\t\t\t\t\t<\/div>\n\t\t<\/section>\n\t\t\t\t\t<\/div>\n\t\t<\/div>\n\t\t\t\t\t<\/div>\n\t\t<\/section>\n\t\t\t\t<section class=\"elementor-section elementor-top-section elementor-element elementor-element-15e91e3 elementor-section-boxed elementor-section-height-default elementor-section-height-default\" data-id=\"15e91e3\" data-element_type=\"section\" data-e-type=\"section\">\n\t\t\t\t\t\t<div class=\"elementor-container elementor-column-gap-default\">\n\t\t\t\t\t<div class=\"elementor-column elementor-col-100 elementor-top-column elementor-element elementor-element-7ca5fc8\" data-id=\"7ca5fc8\" data-element_type=\"column\" data-e-type=\"column\">\n\t\t\t<div class=\"elementor-widget-wrap elementor-element-populated\">\n\t\t\t\t\t\t<div class=\"elementor-element elementor-element-0036cf5 elementor-widget elementor-widget-text-editor\" data-id=\"0036cf5\" data-element_type=\"widget\" data-e-type=\"widget\" data-widget_type=\"text-editor.default\">\n\t\t\t\t<div class=\"elementor-widget-container\">\n\t\t\t\t\t\t\t\t\t<p>Nos partenaires :<\/p>\t\t\t\t\t\t\t\t<\/div>\n\t\t\t\t<\/div>\n\t\t\t\t\t<\/div>\n\t\t<\/div>\n\t\t\t\t\t<\/div>\n\t\t<\/section>\n\t\t\t\t<section class=\"elementor-section elementor-top-section elementor-element elementor-element-859f0bc elementor-section-boxed elementor-section-height-default elementor-section-height-default\" data-id=\"859f0bc\" data-element_type=\"section\" data-e-type=\"section\">\n\t\t\t\t\t\t<div class=\"elementor-container elementor-column-gap-default\">\n\t\t\t\t\t<div class=\"elementor-column elementor-col-100 elementor-top-column elementor-element elementor-element-ba0463e\" data-id=\"ba0463e\" data-element_type=\"column\" data-e-type=\"column\">\n\t\t\t<div class=\"elementor-widget-wrap elementor-element-populated\">\n\t\t\t\t\t\t<div class=\"elementor-element elementor-element-320c707 elementor-widget elementor-widget-image\" data-id=\"320c707\" data-element_type=\"widget\" data-e-type=\"widget\" data-widget_type=\"image.default\">\n\t\t\t\t<div class=\"elementor-widget-container\">\n\t\t\t\t\t\t\t\t\t\t\t\t\t\t\t<img decoding=\"async\" width=\"792\" height=\"186\" src=\"https:\/\/eifeil.com\/wp-content\/uploads\/2026\/02\/bandeau-newsletter-1.png\" class=\"attachment-large size-large wp-image-8512\" alt=\"\" srcset=\"https:\/\/eifeil.com\/wp-content\/uploads\/2026\/02\/bandeau-newsletter-1.png 792w, https:\/\/eifeil.com\/wp-content\/uploads\/2026\/02\/bandeau-newsletter-1-300x70.png 300w, https:\/\/eifeil.com\/wp-content\/uploads\/2026\/02\/bandeau-newsletter-1-768x180.png 768w, https:\/\/eifeil.com\/wp-content\/uploads\/2026\/02\/bandeau-newsletter-1-230x54.png 230w, https:\/\/eifeil.com\/wp-content\/uploads\/2026\/02\/bandeau-newsletter-1-350x82.png 350w, https:\/\/eifeil.com\/wp-content\/uploads\/2026\/02\/bandeau-newsletter-1-480x113.png 480w\" sizes=\"(max-width: 792px) 100vw, 792px\" \/>\t\t\t\t\t\t\t\t\t\t\t\t\t\t\t<\/div>\n\t\t\t\t<\/div>\n\t\t\t\t\t<\/div>\n\t\t<\/div>\n\t\t\t\t\t<\/div>\n\t\t<\/section>\n\t\t\t\t<\/div>\n\t\t","protected":false},"excerpt":{"rendered":"<p>Soyez les bienvenus ! Depuis 2011, EIFEIL est le c\u0153ur battant des \u00e9diteurs de musique ind\u00e9pendants en France !\u00a0 Notre mission ? f\u00e9d\u00e9rer, soutenir et faire briller la profession \u00e0 [&hellip;]<\/p>\n","protected":false},"author":1,"featured_media":0,"parent":0,"menu_order":0,"comment_status":"closed","ping_status":"closed","template":"elementor_theme","meta":{"footnotes":""},"class_list":["post-6","page","type-page","status-publish","hentry"],"yoast_head":"<!-- This site is optimized with the Yoast SEO plugin v26.6 - https:\/\/yoast.com\/wordpress\/plugins\/seo\/ -->\n<title>EIFEIL \/ Editeur Ind\u00e9pendants F\u00e9d\u00e9r\u00e9s en France<\/title>\n<meta name=\"description\" content=\"EIFEIL - Editeur Ind\u00e9pendants F\u00e9d\u00e9r\u00e9s en France : f\u00e9d\u00e9rer, promouvoir et favoriser les \u00e9changes professionnels de l&#039;industrie musicale\" \/>\n<meta name=\"robots\" content=\"index, follow, max-snippet:-1, max-image-preview:large, max-video-preview:-1\" \/>\n<link rel=\"canonical\" href=\"https:\/\/eifeil.com\/\" \/>\n<meta property=\"og:locale\" content=\"fr_FR\" \/>\n<meta property=\"og:type\" content=\"article\" \/>\n<meta property=\"og:title\" content=\"EIFEIL \/ Editeur Ind\u00e9pendants F\u00e9d\u00e9r\u00e9s en France\" \/>\n<meta property=\"og:description\" content=\"EIFEIL - Editeur Ind\u00e9pendants F\u00e9d\u00e9r\u00e9s en France : f\u00e9d\u00e9rer, promouvoir et favoriser les \u00e9changes professionnels de l&#039;industrie musicale\" \/>\n<meta property=\"og:url\" content=\"https:\/\/eifeil.com\/\" \/>\n<meta property=\"og:site_name\" content=\"EIFEIL\" \/>\n<meta property=\"article:modified_time\" content=\"2026-04-20T14:29:57+00:00\" \/>\n<meta property=\"og:image\" content=\"https:\/\/eifeil.com\/wp-content\/uploads\/2026\/04\/Rock-School-Barbey-EditA.jpeg\" \/>\n\t<meta property=\"og:image:width\" content=\"818\" \/>\n\t<meta property=\"og:image:height\" content=\"458\" \/>\n\t<meta property=\"og:image:type\" content=\"image\/jpeg\" \/>\n<meta name=\"twitter:card\" content=\"summary_large_image\" \/>\n<meta name=\"twitter:label1\" content=\"Dur\u00e9e de lecture estim\u00e9e\" \/>\n\t<meta name=\"twitter:data1\" content=\"2 minutes\" \/>\n<script type=\"application\/ld+json\" class=\"yoast-schema-graph\">{\"@context\":\"https:\/\/schema.org\",\"@graph\":[{\"@type\":\"WebPage\",\"@id\":\"https:\/\/eifeil.com\/\",\"url\":\"https:\/\/eifeil.com\/\",\"name\":\"EIFEIL \/ Editeur Ind\u00e9pendants F\u00e9d\u00e9r\u00e9s en France\",\"isPartOf\":{\"@id\":\"https:\/\/eifeil.com\/#website\"},\"primaryImageOfPage\":{\"@id\":\"https:\/\/eifeil.com\/#primaryimage\"},\"image\":{\"@id\":\"https:\/\/eifeil.com\/#primaryimage\"},\"thumbnailUrl\":\"https:\/\/eifeil.com\/wp-content\/uploads\/2026\/04\/Rock-School-Barbey-EditA.jpeg\",\"datePublished\":\"2022-09-02T15:40:21+00:00\",\"dateModified\":\"2026-04-20T14:29:57+00:00\",\"description\":\"EIFEIL - Editeur Ind\u00e9pendants F\u00e9d\u00e9r\u00e9s en France : f\u00e9d\u00e9rer, promouvoir et favoriser les \u00e9changes professionnels de l'industrie musicale\",\"breadcrumb\":{\"@id\":\"https:\/\/eifeil.com\/#breadcrumb\"},\"inLanguage\":\"fr-FR\",\"potentialAction\":[{\"@type\":\"ReadAction\",\"target\":[\"https:\/\/eifeil.com\/\"]}]},{\"@type\":\"ImageObject\",\"inLanguage\":\"fr-FR\",\"@id\":\"https:\/\/eifeil.com\/#primaryimage\",\"url\":\"https:\/\/eifeil.com\/wp-content\/uploads\/2026\/04\/Rock-School-Barbey-EditA.jpeg\",\"contentUrl\":\"https:\/\/eifeil.com\/wp-content\/uploads\/2026\/04\/Rock-School-Barbey-EditA.jpeg\",\"width\":818,\"height\":458},{\"@type\":\"BreadcrumbList\",\"@id\":\"https:\/\/eifeil.com\/#breadcrumb\",\"itemListElement\":[{\"@type\":\"ListItem\",\"position\":1,\"name\":\"Accueil\",\"item\":\"https:\/\/eifeil.com\/\"},{\"@type\":\"ListItem\",\"position\":2,\"name\":\"Accueil\"}]},{\"@type\":\"WebSite\",\"@id\":\"https:\/\/eifeil.com\/#website\",\"url\":\"https:\/\/eifeil.com\/\",\"name\":\"EIFEIL\",\"description\":\"\u00c9diteurs Ind\u00e9pendants F\u00e9d\u00e9r\u00e9s en France\",\"potentialAction\":[{\"@type\":\"SearchAction\",\"target\":{\"@type\":\"EntryPoint\",\"urlTemplate\":\"https:\/\/eifeil.com\/?s={search_term_string}\"},\"query-input\":{\"@type\":\"PropertyValueSpecification\",\"valueRequired\":true,\"valueName\":\"search_term_string\"}}],\"inLanguage\":\"fr-FR\"}]}<\/script>\n<!-- \/ Yoast SEO plugin. -->","yoast_head_json":{"title":"EIFEIL \/ Editeur Ind\u00e9pendants F\u00e9d\u00e9r\u00e9s en France","description":"EIFEIL - Editeur Ind\u00e9pendants F\u00e9d\u00e9r\u00e9s en France : f\u00e9d\u00e9rer, promouvoir et favoriser les \u00e9changes professionnels de l'industrie musicale","robots":{"index":"index","follow":"follow","max-snippet":"max-snippet:-1","max-image-preview":"max-image-preview:large","max-video-preview":"max-video-preview:-1"},"canonical":"https:\/\/eifeil.com\/","og_locale":"fr_FR","og_type":"article","og_title":"EIFEIL \/ Editeur Ind\u00e9pendants F\u00e9d\u00e9r\u00e9s en France","og_description":"EIFEIL - Editeur Ind\u00e9pendants F\u00e9d\u00e9r\u00e9s en France : f\u00e9d\u00e9rer, promouvoir et favoriser les \u00e9changes professionnels de l'industrie musicale","og_url":"https:\/\/eifeil.com\/","og_site_name":"EIFEIL","article_modified_time":"2026-04-20T14:29:57+00:00","og_image":[{"width":818,"height":458,"url":"https:\/\/eifeil.com\/wp-content\/uploads\/2026\/04\/Rock-School-Barbey-EditA.jpeg","type":"image\/jpeg"}],"twitter_card":"summary_large_image","twitter_misc":{"Dur\u00e9e de lecture estim\u00e9e":"2 minutes"},"schema":{"@context":"https:\/\/schema.org","@graph":[{"@type":"WebPage","@id":"https:\/\/eifeil.com\/","url":"https:\/\/eifeil.com\/","name":"EIFEIL \/ Editeur Ind\u00e9pendants F\u00e9d\u00e9r\u00e9s en France","isPartOf":{"@id":"https:\/\/eifeil.com\/#website"},"primaryImageOfPage":{"@id":"https:\/\/eifeil.com\/#primaryimage"},"image":{"@id":"https:\/\/eifeil.com\/#primaryimage"},"thumbnailUrl":"https:\/\/eifeil.com\/wp-content\/uploads\/2026\/04\/Rock-School-Barbey-EditA.jpeg","datePublished":"2022-09-02T15:40:21+00:00","dateModified":"2026-04-20T14:29:57+00:00","description":"EIFEIL - Editeur Ind\u00e9pendants F\u00e9d\u00e9r\u00e9s en France : f\u00e9d\u00e9rer, promouvoir et favoriser les \u00e9changes professionnels de l'industrie musicale","breadcrumb":{"@id":"https:\/\/eifeil.com\/#breadcrumb"},"inLanguage":"fr-FR","potentialAction":[{"@type":"ReadAction","target":["https:\/\/eifeil.com\/"]}]},{"@type":"ImageObject","inLanguage":"fr-FR","@id":"https:\/\/eifeil.com\/#primaryimage","url":"https:\/\/eifeil.com\/wp-content\/uploads\/2026\/04\/Rock-School-Barbey-EditA.jpeg","contentUrl":"https:\/\/eifeil.com\/wp-content\/uploads\/2026\/04\/Rock-School-Barbey-EditA.jpeg","width":818,"height":458},{"@type":"BreadcrumbList","@id":"https:\/\/eifeil.com\/#breadcrumb","itemListElement":[{"@type":"ListItem","position":1,"name":"Accueil","item":"https:\/\/eifeil.com\/"},{"@type":"ListItem","position":2,"name":"Accueil"}]},{"@type":"WebSite","@id":"https:\/\/eifeil.com\/#website","url":"https:\/\/eifeil.com\/","name":"EIFEIL","description":"\u00c9diteurs Ind\u00e9pendants F\u00e9d\u00e9r\u00e9s en France","potentialAction":[{"@type":"SearchAction","target":{"@type":"EntryPoint","urlTemplate":"https:\/\/eifeil.com\/?s={search_term_string}"},"query-input":{"@type":"PropertyValueSpecification","valueRequired":true,"valueName":"search_term_string"}}],"inLanguage":"fr-FR"}]}},"_links":{"self":[{"href":"https:\/\/eifeil.com\/index.php\/wp-json\/wp\/v2\/pages\/6","targetHints":{"allow":["GET"]}}],"collection":[{"href":"https:\/\/eifeil.com\/index.php\/wp-json\/wp\/v2\/pages"}],"about":[{"href":"https:\/\/eifeil.com\/index.php\/wp-json\/wp\/v2\/types\/page"}],"author":[{"embeddable":true,"href":"https:\/\/eifeil.com\/index.php\/wp-json\/wp\/v2\/users\/1"}],"replies":[{"embeddable":true,"href":"https:\/\/eifeil.com\/index.php\/wp-json\/wp\/v2\/comments?post=6"}],"version-history":[{"count":1208,"href":"https:\/\/eifeil.com\/index.php\/wp-json\/wp\/v2\/pages\/6\/revisions"}],"predecessor-version":[{"id":8941,"href":"https:\/\/eifeil.com\/index.php\/wp-json\/wp\/v2\/pages\/6\/revisions\/8941"}],"wp:attachment":[{"href":"https:\/\/eifeil.com\/index.php\/wp-json\/wp\/v2\/media?parent=6"}],"curies":[{"name":"wp","href":"https:\/\/api.w.org\/{rel}","templated":true}]}}