{"id":67,"date":"2022-09-06T10:51:12","date_gmt":"2022-09-06T08:51:12","guid":{"rendered":"http:\/\/eifeil.com\/di13089-ovh\/?page_id=67"},"modified":"2023-11-29T16:34:34","modified_gmt":"2023-11-29T15:34:34","slug":"evenements","status":"publish","type":"page","link":"https:\/\/eifeil.com\/index.php\/evenements\/","title":{"rendered":"\u00c9v\u00e9nements"},"content":{"rendered":"\t\t<div data-elementor-type=\"wp-page\" data-elementor-id=\"67\" class=\"elementor elementor-67\">\n\t\t\t\t\t\t<section class=\"elementor-section elementor-top-section elementor-element elementor-element-57eff70 elementor-section-stretched elementor-section-boxed elementor-section-height-default elementor-section-height-default\" data-id=\"57eff70\" data-element_type=\"section\" data-e-type=\"section\" data-settings=\"{&quot;stretch_section&quot;:&quot;section-stretched&quot;}\">\n\t\t\t\t\t\t<div class=\"elementor-container elementor-column-gap-default\">\n\t\t\t\t\t<div class=\"elementor-column elementor-col-50 elementor-top-column elementor-element elementor-element-209dc21\" data-id=\"209dc21\" data-element_type=\"column\" data-e-type=\"column\">\n\t\t\t<div class=\"elementor-widget-wrap elementor-element-populated\">\n\t\t\t\t\t\t<div class=\"elementor-element elementor-element-ced0a2a elementor-widget elementor-widget-text-editor\" data-id=\"ced0a2a\" data-element_type=\"widget\" data-e-type=\"widget\" data-widget_type=\"text-editor.default\">\n\t\t\t\t<div class=\"elementor-widget-container\">\n\t\t\t\t\t\t\t\t\t<p>\u00e9v\u00e9nements<\/p>\t\t\t\t\t\t\t\t<\/div>\n\t\t\t\t<\/div>\n\t\t\t\t<div class=\"elementor-element elementor-element-6b83f02 elementor-widget elementor-widget-spacer\" data-id=\"6b83f02\" data-element_type=\"widget\" data-e-type=\"widget\" data-widget_type=\"spacer.default\">\n\t\t\t\t<div class=\"elementor-widget-container\">\n\t\t\t\t\t\t\t<div class=\"elementor-spacer\">\n\t\t\t<div class=\"elementor-spacer-inner\"><\/div>\n\t\t<\/div>\n\t\t\t\t\t\t<\/div>\n\t\t\t\t<\/div>\n\t\t\t\t<div class=\"elementor-element elementor-element-015a55f elementor-widget elementor-widget-image\" data-id=\"015a55f\" data-element_type=\"widget\" data-e-type=\"widget\" data-widget_type=\"image.default\">\n\t\t\t\t<div class=\"elementor-widget-container\">\n\t\t\t\t\t\t\t\t\t\t\t\t\t\t\t\t<a href=\"https:\/\/eifeil.com\/index.php\/edita-event-salon-de-ledition-musicale\/\">\n\t\t\t\t\t\t\t<img fetchpriority=\"high\" decoding=\"async\" width=\"280\" height=\"240\" src=\"https:\/\/eifeil.com\/wp-content\/uploads\/2022\/09\/edita.png\" class=\"attachment-large size-large wp-image-340\" alt=\"\u00e9v\u00e9nements edita\" srcset=\"https:\/\/eifeil.com\/wp-content\/uploads\/2022\/09\/edita.png 280w, https:\/\/eifeil.com\/wp-content\/uploads\/2022\/09\/edita-230x197.png 230w\" sizes=\"(max-width: 280px) 100vw, 280px\" \/>\t\t\t\t\t\t\t\t<\/a>\n\t\t\t\t\t\t\t\t\t\t\t\t\t\t\t<\/div>\n\t\t\t\t<\/div>\n\t\t\t\t\t<\/div>\n\t\t<\/div>\n\t\t\t\t<div class=\"elementor-column elementor-col-50 elementor-top-column elementor-element elementor-element-a0cf761\" data-id=\"a0cf761\" data-element_type=\"column\" data-e-type=\"column\">\n\t\t\t<div class=\"elementor-widget-wrap elementor-element-populated\">\n\t\t\t\t\t\t<div class=\"elementor-element elementor-element-542596c elementor-widget elementor-widget-text-editor\" data-id=\"542596c\" data-element_type=\"widget\" data-e-type=\"widget\" data-widget_type=\"text-editor.default\">\n\t\t\t\t<div class=\"elementor-widget-container\">\n\t\t\t\t\t\t\t\t\t<p>\u00e9v\u00e9nements<\/p>\t\t\t\t\t\t\t\t<\/div>\n\t\t\t\t<\/div>\n\t\t\t\t<div class=\"elementor-element elementor-element-82ff36e elementor-widget elementor-widget-spacer\" data-id=\"82ff36e\" data-element_type=\"widget\" data-e-type=\"widget\" data-widget_type=\"spacer.default\">\n\t\t\t\t<div class=\"elementor-widget-container\">\n\t\t\t\t\t\t\t<div class=\"elementor-spacer\">\n\t\t\t<div class=\"elementor-spacer-inner\"><\/div>\n\t\t<\/div>\n\t\t\t\t\t\t<\/div>\n\t\t\t\t<\/div>\n\t\t\t\t<div class=\"elementor-element elementor-element-be81ce0 elementor-widget elementor-widget-image\" data-id=\"be81ce0\" data-element_type=\"widget\" data-e-type=\"widget\" data-widget_type=\"image.default\">\n\t\t\t\t<div class=\"elementor-widget-container\">\n\t\t\t\t\t\t\t\t\t\t\t\t\t\t\t\t<a href=\"https:\/\/eifeil.com\/index.php\/creamusic-festival\/\">\n\t\t\t\t\t\t\t<img decoding=\"async\" width=\"300\" height=\"300\" src=\"https:\/\/eifeil.com\/wp-content\/uploads\/2023\/10\/logo-synchro-et-musique-a-limage-1-300x300.png\" class=\"attachment-medium size-medium wp-image-4741\" alt=\"Cr\u00e9async\" srcset=\"https:\/\/eifeil.com\/wp-content\/uploads\/2023\/10\/logo-synchro-et-musique-a-limage-1-300x300.png 300w, https:\/\/eifeil.com\/wp-content\/uploads\/2023\/10\/logo-synchro-et-musique-a-limage-1-150x150.png 150w, https:\/\/eifeil.com\/wp-content\/uploads\/2023\/10\/logo-synchro-et-musique-a-limage-1-230x230.png 230w, https:\/\/eifeil.com\/wp-content\/uploads\/2023\/10\/logo-synchro-et-musique-a-limage-1-350x350.png 350w, https:\/\/eifeil.com\/wp-content\/uploads\/2023\/10\/logo-synchro-et-musique-a-limage-1-480x480.png 480w, https:\/\/eifeil.com\/wp-content\/uploads\/2023\/10\/logo-synchro-et-musique-a-limage-1.png 500w\" sizes=\"(max-width: 300px) 100vw, 300px\" \/>\t\t\t\t\t\t\t\t<\/a>\n\t\t\t\t\t\t\t\t\t\t\t\t\t\t\t<\/div>\n\t\t\t\t<\/div>\n\t\t\t\t\t<\/div>\n\t\t<\/div>\n\t\t\t\t\t<\/div>\n\t\t<\/section>\n\t\t\t\t<section class=\"elementor-section elementor-top-section elementor-element elementor-element-76d5c31 elementor-section-stretched elementor-section-boxed elementor-section-height-default elementor-section-height-default\" data-id=\"76d5c31\" data-element_type=\"section\" data-e-type=\"section\" data-settings=\"{&quot;stretch_section&quot;:&quot;section-stretched&quot;}\">\n\t\t\t\t\t\t<div class=\"elementor-container elementor-column-gap-default\">\n\t\t\t\t\t<div class=\"elementor-column elementor-col-50 elementor-top-column elementor-element elementor-element-01087e0\" data-id=\"01087e0\" data-element_type=\"column\" data-e-type=\"column\">\n\t\t\t<div class=\"elementor-widget-wrap elementor-element-populated\">\n\t\t\t\t\t\t<div class=\"elementor-element elementor-element-b7b3618 elementor-widget elementor-widget-spacer\" data-id=\"b7b3618\" data-element_type=\"widget\" data-e-type=\"widget\" data-widget_type=\"spacer.default\">\n\t\t\t\t<div class=\"elementor-widget-container\">\n\t\t\t\t\t\t\t<div class=\"elementor-spacer\">\n\t\t\t<div class=\"elementor-spacer-inner\"><\/div>\n\t\t<\/div>\n\t\t\t\t\t\t<\/div>\n\t\t\t\t<\/div>\n\t\t\t\t<div class=\"elementor-element elementor-element-f42f801 elementor-widget elementor-widget-image\" data-id=\"f42f801\" data-element_type=\"widget\" data-e-type=\"widget\" data-widget_type=\"image.default\">\n\t\t\t\t<div class=\"elementor-widget-container\">\n\t\t\t\t\t\t\t\t\t\t\t\t\t\t\t\t<a href=\"https:\/\/eifeil.com\/index.php\/actions-ponctuelles\/\">\n\t\t\t\t\t\t\t<img decoding=\"async\" width=\"300\" height=\"300\" src=\"https:\/\/eifeil.com\/wp-content\/uploads\/2022\/09\/Actions-ponctuelles-300x300.png\" class=\"attachment-medium size-medium wp-image-669\" alt=\"\u00e9v\u00e9nement Actions ponctuelles\" srcset=\"https:\/\/eifeil.com\/wp-content\/uploads\/2022\/09\/Actions-ponctuelles-300x300.png 300w, https:\/\/eifeil.com\/wp-content\/uploads\/2022\/09\/Actions-ponctuelles-1024x1024.png 1024w, https:\/\/eifeil.com\/wp-content\/uploads\/2022\/09\/Actions-ponctuelles-150x150.png 150w, https:\/\/eifeil.com\/wp-content\/uploads\/2022\/09\/Actions-ponctuelles-768x768.png 768w, https:\/\/eifeil.com\/wp-content\/uploads\/2022\/09\/Actions-ponctuelles-1000x1000.png 1000w, https:\/\/eifeil.com\/wp-content\/uploads\/2022\/09\/Actions-ponctuelles-230x230.png 230w, https:\/\/eifeil.com\/wp-content\/uploads\/2022\/09\/Actions-ponctuelles-350x350.png 350w, https:\/\/eifeil.com\/wp-content\/uploads\/2022\/09\/Actions-ponctuelles-480x480.png 480w, https:\/\/eifeil.com\/wp-content\/uploads\/2022\/09\/Actions-ponctuelles-500x500.png 500w, https:\/\/eifeil.com\/wp-content\/uploads\/2022\/09\/Actions-ponctuelles.png 1080w\" sizes=\"(max-width: 300px) 100vw, 300px\" \/>\t\t\t\t\t\t\t\t<\/a>\n\t\t\t\t\t\t\t\t\t\t\t\t\t\t\t<\/div>\n\t\t\t\t<\/div>\n\t\t\t\t\t<\/div>\n\t\t<\/div>\n\t\t\t\t<div class=\"elementor-column elementor-col-50 elementor-top-column elementor-element elementor-element-73d4d66\" data-id=\"73d4d66\" data-element_type=\"column\" data-e-type=\"column\">\n\t\t\t<div class=\"elementor-widget-wrap elementor-element-populated\">\n\t\t\t\t\t\t<div class=\"elementor-element elementor-element-1af814f elementor-widget elementor-widget-spacer\" data-id=\"1af814f\" data-element_type=\"widget\" data-e-type=\"widget\" data-widget_type=\"spacer.default\">\n\t\t\t\t<div class=\"elementor-widget-container\">\n\t\t\t\t\t\t\t<div class=\"elementor-spacer\">\n\t\t\t<div class=\"elementor-spacer-inner\"><\/div>\n\t\t<\/div>\n\t\t\t\t\t\t<\/div>\n\t\t\t\t<\/div>\n\t\t\t\t<div class=\"elementor-element elementor-element-523a647 elementor-widget elementor-widget-image\" data-id=\"523a647\" data-element_type=\"widget\" data-e-type=\"widget\" data-widget_type=\"image.default\">\n\t\t\t\t<div class=\"elementor-widget-container\">\n\t\t\t\t\t\t\t\t\t\t\t\t\t\t\t\t<a href=\"https:\/\/eifeil.com\/index.php\/les-prix-lyceens-de-la-creation-musicale\/\" target=\"_blank\">\n\t\t\t\t\t\t\t<img loading=\"lazy\" decoding=\"async\" width=\"300\" height=\"300\" src=\"https:\/\/eifeil.com\/wp-content\/uploads\/2022\/11\/logo_Prix_Lyceens-removebg-preview-300x300.png\" class=\"attachment-medium size-medium wp-image-1713\" alt=\"\u00e9v\u00e9nement logo_Prix_Lyce\u0301ens-removebg-preview\" srcset=\"https:\/\/eifeil.com\/wp-content\/uploads\/2022\/11\/logo_Prix_Lyceens-removebg-preview-300x300.png 300w, https:\/\/eifeil.com\/wp-content\/uploads\/2022\/11\/logo_Prix_Lyceens-removebg-preview-150x150.png 150w, https:\/\/eifeil.com\/wp-content\/uploads\/2022\/11\/logo_Prix_Lyceens-removebg-preview-230x230.png 230w, https:\/\/eifeil.com\/wp-content\/uploads\/2022\/11\/logo_Prix_Lyceens-removebg-preview-350x350.png 350w, https:\/\/eifeil.com\/wp-content\/uploads\/2022\/11\/logo_Prix_Lyceens-removebg-preview-480x480.png 480w, https:\/\/eifeil.com\/wp-content\/uploads\/2022\/11\/logo_Prix_Lyceens-removebg-preview.png 500w\" sizes=\"(max-width: 300px) 100vw, 300px\" \/>\t\t\t\t\t\t\t\t<\/a>\n\t\t\t\t\t\t\t\t\t\t\t\t\t\t\t<\/div>\n\t\t\t\t<\/div>\n\t\t\t\t\t<\/div>\n\t\t<\/div>\n\t\t\t\t\t<\/div>\n\t\t<\/section>\n\t\t\t\t<section class=\"elementor-section elementor-top-section elementor-element elementor-element-03fff68 elementor-section-boxed elementor-section-height-default elementor-section-height-default\" data-id=\"03fff68\" data-element_type=\"section\" data-e-type=\"section\">\n\t\t\t\t\t\t<div class=\"elementor-container elementor-column-gap-default\">\n\t\t\t\t\t<div class=\"elementor-column elementor-col-100 elementor-top-column elementor-element elementor-element-661f132\" data-id=\"661f132\" data-element_type=\"column\" data-e-type=\"column\">\n\t\t\t<div class=\"elementor-widget-wrap elementor-element-populated\">\n\t\t\t\t\t\t<div class=\"elementor-element elementor-element-7aca027 elementor-widget elementor-widget-text-editor\" data-id=\"7aca027\" data-element_type=\"widget\" data-e-type=\"widget\" data-widget_type=\"text-editor.default\">\n\t\t\t\t<div class=\"elementor-widget-container\">\n\t\t\t\t\t\t\t\t\t<p>\u00e9v\u00e8nements\u00a0<\/p><p><strong>Lorem Ipsum<\/strong>\u00a0is simply dummy text of the printing and typesetting industry. Lorem Ipsum has been the industry&rsquo;s standard dummy text ever since the 1500s, when an unknown printer took a galley of type and scrambled it to make a type specimen book. It has survived not only five centuries, but also the leap into electronic typesetting, remaining essentially unchanged. It was popularised in the 1960s with the release of Letraset sheets containing Lorem Ipsum passages, and more recently with desktop publishing software like Aldus PageMaker including versions of Lorem Ipsum.<\/p><p><strong>Lorem Ipsum<\/strong>\u00a0is simply dummy text of the printing and typesetting industry. Lorem Ipsum has been the industry&rsquo;s standard dummy text ever since the 1500s, when an unknown printer took a galley of type and scrambled it to make a type specimen book. It has survived not only five centuries, but also the leap into electronic typesetting, remaining essentially unchanged. It was popularised in the 1960s with the release of Letraset sheets containing Lorem Ipsum passages, and more recently with desktop publishing software like Aldus PageMaker including versions of Lorem Ipsum.<\/p>\t\t\t\t\t\t\t\t<\/div>\n\t\t\t\t<\/div>\n\t\t\t\t<div class=\"elementor-element elementor-element-f89dfe1 elementor-widget elementor-widget-spacer\" data-id=\"f89dfe1\" data-element_type=\"widget\" data-e-type=\"widget\" data-widget_type=\"spacer.default\">\n\t\t\t\t<div class=\"elementor-widget-container\">\n\t\t\t\t\t\t\t<div class=\"elementor-spacer\">\n\t\t\t<div class=\"elementor-spacer-inner\"><\/div>\n\t\t<\/div>\n\t\t\t\t\t\t<\/div>\n\t\t\t\t<\/div>\n\t\t\t\t<div class=\"elementor-element elementor-element-a09e6e3 elementor-widget elementor-widget-heading\" data-id=\"a09e6e3\" data-element_type=\"widget\" data-e-type=\"widget\" data-widget_type=\"heading.default\">\n\t\t\t\t<div class=\"elementor-widget-container\">\n\t\t\t\t\t<h2 class=\"elementor-heading-title elementor-size-default\"><a href=\"\">\u00e9v\u00e9nements<\/a><\/h2>\t\t\t\t<\/div>\n\t\t\t\t<\/div>\n\t\t\t\t<div class=\"elementor-element elementor-element-e725036 elementor-widget elementor-widget-heading\" data-id=\"e725036\" data-element_type=\"widget\" data-e-type=\"widget\" data-widget_type=\"heading.default\">\n\t\t\t\t<div class=\"elementor-widget-container\">\n\t\t\t\t\t<h2 class=\"elementor-heading-title elementor-size-default\"><a href=\"https:\/\/twitter.com\/Eifeil_fede\">fa<\/a><\/h2>\t\t\t\t<\/div>\n\t\t\t\t<\/div>\n\t\t\t\t<div class=\"elementor-element elementor-element-9dd6c07 elementor-widget elementor-widget-heading\" data-id=\"9dd6c07\" data-element_type=\"widget\" data-e-type=\"widget\" data-widget_type=\"heading.default\">\n\t\t\t\t<div class=\"elementor-widget-container\">\n\t\t\t\t\t<h3 class=\"elementor-heading-title elementor-size-default\"><a href=\"https:\/\/eifeil.com\/\">\u00e9v\u00e9nements<\/a><\/h3>\t\t\t\t<\/div>\n\t\t\t\t<\/div>\n\t\t\t\t\t<\/div>\n\t\t<\/div>\n\t\t\t\t\t<\/div>\n\t\t<\/section>\n\t\t\t\t<\/div>\n\t\t","protected":false},"excerpt":{"rendered":"<p>\u00e9v\u00e9nements \u00e9v\u00e9nements \u00e9v\u00e8nements\u00a0 Lorem Ipsum\u00a0is simply dummy text of the printing and typesetting industry. Lorem Ipsum has been the industry&rsquo;s standard dummy text ever since the 1500s, when an unknown [&hellip;]<\/p>\n","protected":false},"author":1,"featured_media":0,"parent":0,"menu_order":0,"comment_status":"closed","ping_status":"closed","template":"","meta":{"footnotes":""},"class_list":["post-67","page","type-page","status-publish","hentry"],"yoast_head":"<!-- This site is optimized with the Yoast SEO plugin v26.6 - https:\/\/yoast.com\/wordpress\/plugins\/seo\/ -->\n<title>\u00c9v\u00e9nements - EIFEIL<\/title>\n<meta name=\"description\" content=\"D\u00e9couvrez les \u00e9v\u00e9nements de la f\u00e9d\u00e9rations EIFEIL, temps forts et point de rencontre des professionnelles de l&#039;industrie musicale.\" \/>\n<meta name=\"robots\" content=\"index, follow, max-snippet:-1, max-image-preview:large, max-video-preview:-1\" \/>\n<link rel=\"canonical\" href=\"https:\/\/eifeil.com\/index.php\/evenements\/\" \/>\n<meta property=\"og:locale\" content=\"fr_FR\" \/>\n<meta property=\"og:type\" content=\"article\" \/>\n<meta property=\"og:title\" content=\"\u00c9v\u00e9nements - EIFEIL\" \/>\n<meta property=\"og:description\" content=\"D\u00e9couvrez les \u00e9v\u00e9nements de la f\u00e9d\u00e9rations EIFEIL, temps forts et point de rencontre des professionnelles de l&#039;industrie musicale.\" \/>\n<meta property=\"og:url\" content=\"https:\/\/eifeil.com\/index.php\/evenements\/\" \/>\n<meta property=\"og:site_name\" content=\"EIFEIL\" \/>\n<meta property=\"article:modified_time\" content=\"2023-11-29T15:34:34+00:00\" \/>\n<meta property=\"og:image\" content=\"https:\/\/eifeil.com\/wp-content\/uploads\/2022\/09\/edita.png\" \/>\n<meta name=\"twitter:card\" content=\"summary_large_image\" \/>\n<meta name=\"twitter:label1\" content=\"Dur\u00e9e de lecture estim\u00e9e\" \/>\n\t<meta name=\"twitter:data1\" content=\"2 minutes\" \/>\n<script type=\"application\/ld+json\" class=\"yoast-schema-graph\">{\"@context\":\"https:\/\/schema.org\",\"@graph\":[{\"@type\":\"WebPage\",\"@id\":\"https:\/\/eifeil.com\/index.php\/evenements\/\",\"url\":\"https:\/\/eifeil.com\/index.php\/evenements\/\",\"name\":\"\u00c9v\u00e9nements - EIFEIL\",\"isPartOf\":{\"@id\":\"https:\/\/eifeil.com\/#website\"},\"primaryImageOfPage\":{\"@id\":\"https:\/\/eifeil.com\/index.php\/evenements\/#primaryimage\"},\"image\":{\"@id\":\"https:\/\/eifeil.com\/index.php\/evenements\/#primaryimage\"},\"thumbnailUrl\":\"https:\/\/eifeil.com\/wp-content\/uploads\/2022\/09\/edita.png\",\"datePublished\":\"2022-09-06T08:51:12+00:00\",\"dateModified\":\"2023-11-29T15:34:34+00:00\",\"description\":\"D\u00e9couvrez les \u00e9v\u00e9nements de la f\u00e9d\u00e9rations EIFEIL, temps forts et point de rencontre des professionnelles de l'industrie musicale.\",\"breadcrumb\":{\"@id\":\"https:\/\/eifeil.com\/index.php\/evenements\/#breadcrumb\"},\"inLanguage\":\"fr-FR\",\"potentialAction\":[{\"@type\":\"ReadAction\",\"target\":[\"https:\/\/eifeil.com\/index.php\/evenements\/\"]}]},{\"@type\":\"ImageObject\",\"inLanguage\":\"fr-FR\",\"@id\":\"https:\/\/eifeil.com\/index.php\/evenements\/#primaryimage\",\"url\":\"https:\/\/eifeil.com\/wp-content\/uploads\/2022\/09\/edita.png\",\"contentUrl\":\"https:\/\/eifeil.com\/wp-content\/uploads\/2022\/09\/edita.png\",\"width\":280,\"height\":240,\"caption\":\"\u00e9v\u00e9nements edita\"},{\"@type\":\"BreadcrumbList\",\"@id\":\"https:\/\/eifeil.com\/index.php\/evenements\/#breadcrumb\",\"itemListElement\":[{\"@type\":\"ListItem\",\"position\":1,\"name\":\"Accueil\",\"item\":\"https:\/\/eifeil.com\/\"},{\"@type\":\"ListItem\",\"position\":2,\"name\":\"\u00c9v\u00e9nements\"}]},{\"@type\":\"WebSite\",\"@id\":\"https:\/\/eifeil.com\/#website\",\"url\":\"https:\/\/eifeil.com\/\",\"name\":\"EIFEIL\",\"description\":\"\u00c9diteurs Ind\u00e9pendants F\u00e9d\u00e9r\u00e9s en France\",\"potentialAction\":[{\"@type\":\"SearchAction\",\"target\":{\"@type\":\"EntryPoint\",\"urlTemplate\":\"https:\/\/eifeil.com\/?s={search_term_string}\"},\"query-input\":{\"@type\":\"PropertyValueSpecification\",\"valueRequired\":true,\"valueName\":\"search_term_string\"}}],\"inLanguage\":\"fr-FR\"}]}<\/script>\n<!-- \/ Yoast SEO plugin. -->","yoast_head_json":{"title":"\u00c9v\u00e9nements - EIFEIL","description":"D\u00e9couvrez les \u00e9v\u00e9nements de la f\u00e9d\u00e9rations EIFEIL, temps forts et point de rencontre des professionnelles de l'industrie musicale.","robots":{"index":"index","follow":"follow","max-snippet":"max-snippet:-1","max-image-preview":"max-image-preview:large","max-video-preview":"max-video-preview:-1"},"canonical":"https:\/\/eifeil.com\/index.php\/evenements\/","og_locale":"fr_FR","og_type":"article","og_title":"\u00c9v\u00e9nements - EIFEIL","og_description":"D\u00e9couvrez les \u00e9v\u00e9nements de la f\u00e9d\u00e9rations EIFEIL, temps forts et point de rencontre des professionnelles de l'industrie musicale.","og_url":"https:\/\/eifeil.com\/index.php\/evenements\/","og_site_name":"EIFEIL","article_modified_time":"2023-11-29T15:34:34+00:00","og_image":[{"url":"https:\/\/eifeil.com\/wp-content\/uploads\/2022\/09\/edita.png","type":"","width":"","height":""}],"twitter_card":"summary_large_image","twitter_misc":{"Dur\u00e9e de lecture estim\u00e9e":"2 minutes"},"schema":{"@context":"https:\/\/schema.org","@graph":[{"@type":"WebPage","@id":"https:\/\/eifeil.com\/index.php\/evenements\/","url":"https:\/\/eifeil.com\/index.php\/evenements\/","name":"\u00c9v\u00e9nements - EIFEIL","isPartOf":{"@id":"https:\/\/eifeil.com\/#website"},"primaryImageOfPage":{"@id":"https:\/\/eifeil.com\/index.php\/evenements\/#primaryimage"},"image":{"@id":"https:\/\/eifeil.com\/index.php\/evenements\/#primaryimage"},"thumbnailUrl":"https:\/\/eifeil.com\/wp-content\/uploads\/2022\/09\/edita.png","datePublished":"2022-09-06T08:51:12+00:00","dateModified":"2023-11-29T15:34:34+00:00","description":"D\u00e9couvrez les \u00e9v\u00e9nements de la f\u00e9d\u00e9rations EIFEIL, temps forts et point de rencontre des professionnelles de l'industrie musicale.","breadcrumb":{"@id":"https:\/\/eifeil.com\/index.php\/evenements\/#breadcrumb"},"inLanguage":"fr-FR","potentialAction":[{"@type":"ReadAction","target":["https:\/\/eifeil.com\/index.php\/evenements\/"]}]},{"@type":"ImageObject","inLanguage":"fr-FR","@id":"https:\/\/eifeil.com\/index.php\/evenements\/#primaryimage","url":"https:\/\/eifeil.com\/wp-content\/uploads\/2022\/09\/edita.png","contentUrl":"https:\/\/eifeil.com\/wp-content\/uploads\/2022\/09\/edita.png","width":280,"height":240,"caption":"\u00e9v\u00e9nements edita"},{"@type":"BreadcrumbList","@id":"https:\/\/eifeil.com\/index.php\/evenements\/#breadcrumb","itemListElement":[{"@type":"ListItem","position":1,"name":"Accueil","item":"https:\/\/eifeil.com\/"},{"@type":"ListItem","position":2,"name":"\u00c9v\u00e9nements"}]},{"@type":"WebSite","@id":"https:\/\/eifeil.com\/#website","url":"https:\/\/eifeil.com\/","name":"EIFEIL","description":"\u00c9diteurs Ind\u00e9pendants F\u00e9d\u00e9r\u00e9s en France","potentialAction":[{"@type":"SearchAction","target":{"@type":"EntryPoint","urlTemplate":"https:\/\/eifeil.com\/?s={search_term_string}"},"query-input":{"@type":"PropertyValueSpecification","valueRequired":true,"valueName":"search_term_string"}}],"inLanguage":"fr-FR"}]}},"_links":{"self":[{"href":"https:\/\/eifeil.com\/index.php\/wp-json\/wp\/v2\/pages\/67","targetHints":{"allow":["GET"]}}],"collection":[{"href":"https:\/\/eifeil.com\/index.php\/wp-json\/wp\/v2\/pages"}],"about":[{"href":"https:\/\/eifeil.com\/index.php\/wp-json\/wp\/v2\/types\/page"}],"author":[{"embeddable":true,"href":"https:\/\/eifeil.com\/index.php\/wp-json\/wp\/v2\/users\/1"}],"replies":[{"embeddable":true,"href":"https:\/\/eifeil.com\/index.php\/wp-json\/wp\/v2\/comments?post=67"}],"version-history":[{"count":262,"href":"https:\/\/eifeil.com\/index.php\/wp-json\/wp\/v2\/pages\/67\/revisions"}],"predecessor-version":[{"id":4871,"href":"https:\/\/eifeil.com\/index.php\/wp-json\/wp\/v2\/pages\/67\/revisions\/4871"}],"wp:attachment":[{"href":"https:\/\/eifeil.com\/index.php\/wp-json\/wp\/v2\/media?parent=67"}],"curies":[{"name":"wp","href":"https:\/\/api.w.org\/{rel}","templated":true}]}}