{"id":69,"date":"2022-09-06T10:52:29","date_gmt":"2022-09-06T08:52:29","guid":{"rendered":"http:\/\/eifeil.com\/di13089-ovh\/?page_id=69"},"modified":"2026-03-25T14:43:27","modified_gmt":"2026-03-25T13:43:27","slug":"contact-eifeil","status":"publish","type":"page","link":"https:\/\/eifeil.com\/index.php\/contact-eifeil\/","title":{"rendered":"Contact"},"content":{"rendered":"\t\t<div data-elementor-type=\"wp-page\" data-elementor-id=\"69\" class=\"elementor elementor-69\">\n\t\t\t\t\t\t<section class=\"elementor-section elementor-top-section elementor-element elementor-element-5ff98d1 elementor-section-stretched elementor-section-boxed elementor-section-height-default elementor-section-height-default\" data-id=\"5ff98d1\" data-element_type=\"section\" data-e-type=\"section\" data-settings=\"{&quot;stretch_section&quot;:&quot;section-stretched&quot;}\">\n\t\t\t\t\t\t<div class=\"elementor-container elementor-column-gap-default\">\n\t\t\t\t\t<div class=\"elementor-column elementor-col-50 elementor-top-column elementor-element elementor-element-d9c913c\" data-id=\"d9c913c\" data-element_type=\"column\" data-e-type=\"column\">\n\t\t\t<div class=\"elementor-widget-wrap elementor-element-populated\">\n\t\t\t\t\t\t<div class=\"elementor-element elementor-element-6ad6329 elementor-widget elementor-widget-text-editor\" data-id=\"6ad6329\" data-element_type=\"widget\" data-e-type=\"widget\" data-widget_type=\"text-editor.default\">\n\t\t\t\t<div class=\"elementor-widget-container\">\n\t\t\t\t\t\t\t\t\t<h2><b>Editeurs ind\u00e9pendants f\u00e9d\u00e9r\u00e9s en France<\/b><\/h2><h6>\ud83d\udccd 14 avenue de l&rsquo;Op\u00e9ra, 75001 PARIS<\/h6><h6><strong>\ud83d\udcde Tel <\/strong>: +33 (0)9 72 14 23 89<\/h6><h6><strong>\ud83d\udce7 Mail <\/strong>:<span class=\"link2\">\u00a0<a href=\"mailto:contact@eifeil.fr\" target=\"_blank\" rel=\"noopener\"><u>contact@eifeil.fr<\/u><\/a><\/span><\/h6>\t\t\t\t\t\t\t\t<\/div>\n\t\t\t\t<\/div>\n\t\t\t\t\t<\/div>\n\t\t<\/div>\n\t\t\t\t<div class=\"elementor-column elementor-col-50 elementor-top-column elementor-element elementor-element-7a1418e\" data-id=\"7a1418e\" data-element_type=\"column\" data-e-type=\"column\">\n\t\t\t<div class=\"elementor-widget-wrap elementor-element-populated\">\n\t\t\t\t\t\t<div class=\"elementor-element elementor-element-efb86b6 elementor-widget elementor-widget-google_maps\" data-id=\"efb86b6\" data-element_type=\"widget\" data-e-type=\"widget\" data-widget_type=\"google_maps.default\">\n\t\t\t\t<div class=\"elementor-widget-container\">\n\t\t\t\t\t\t\t<div class=\"elementor-custom-embed\">\n\t\t\t<iframe loading=\"lazy\"\n\t\t\t\t\tsrc=\"https:\/\/maps.google.com\/maps?q=14%20avenue%20de%20l%27Op%C3%A9ra%2075001%20PARIS&#038;t=m&#038;z=14&#038;output=embed&#038;iwloc=near\"\n\t\t\t\t\ttitle=\"14 avenue de l&#039;Op\u00e9ra 75001 PARIS\"\n\t\t\t\t\taria-label=\"14 avenue de l&#039;Op\u00e9ra 75001 PARIS\"\n\t\t\t><\/iframe>\n\t\t<\/div>\n\t\t\t\t\t\t<\/div>\n\t\t\t\t<\/div>\n\t\t\t\t\t<\/div>\n\t\t<\/div>\n\t\t\t\t\t<\/div>\n\t\t<\/section>\n\t\t\t\t<\/div>\n\t\t","protected":false},"excerpt":{"rendered":"<p>Editeurs ind\u00e9pendants f\u00e9d\u00e9r\u00e9s en France \ud83d\udccd 14 avenue de l&rsquo;Op\u00e9ra, 75001 PARIS \ud83d\udcde Tel : +33 (0)9 72 14 23 89 \ud83d\udce7 Mail :\u00a0contact@eifeil.fr<\/p>\n","protected":false},"author":1,"featured_media":0,"parent":0,"menu_order":0,"comment_status":"closed","ping_status":"closed","template":"elementor_theme","meta":{"footnotes":""},"class_list":["post-69","page","type-page","status-publish","hentry"],"yoast_head":"<!-- This site is optimized with the Yoast SEO plugin v26.6 - https:\/\/yoast.com\/wordpress\/plugins\/seo\/ -->\n<title>Contact - EIFEIL<\/title>\n<meta name=\"description\" content=\"Contact - Contactez la f\u00e9d\u00e9ration EIFEIL : adresse, mail, t\u00e9l\u00e9phone, horaires, toutes les informations sont disponibles via cette page.\" \/>\n<meta name=\"robots\" content=\"index, follow, max-snippet:-1, max-image-preview:large, max-video-preview:-1\" \/>\n<link rel=\"canonical\" href=\"https:\/\/eifeil.com\/index.php\/contact-eifeil\/\" \/>\n<meta property=\"og:locale\" content=\"fr_FR\" \/>\n<meta property=\"og:type\" content=\"article\" \/>\n<meta property=\"og:title\" content=\"Contact - EIFEIL\" \/>\n<meta property=\"og:description\" content=\"Contact - Contactez la f\u00e9d\u00e9ration EIFEIL : adresse, mail, t\u00e9l\u00e9phone, horaires, toutes les informations sont disponibles via cette page.\" \/>\n<meta property=\"og:url\" content=\"https:\/\/eifeil.com\/index.php\/contact-eifeil\/\" \/>\n<meta property=\"og:site_name\" content=\"EIFEIL\" \/>\n<meta property=\"article:modified_time\" content=\"2026-03-25T13:43:27+00:00\" \/>\n<meta name=\"twitter:card\" content=\"summary_large_image\" \/>\n<meta name=\"twitter:label1\" content=\"Dur\u00e9e de lecture estim\u00e9e\" \/>\n\t<meta name=\"twitter:data1\" content=\"1 minute\" \/>\n<script type=\"application\/ld+json\" class=\"yoast-schema-graph\">{\"@context\":\"https:\/\/schema.org\",\"@graph\":[{\"@type\":\"WebPage\",\"@id\":\"https:\/\/eifeil.com\/index.php\/contact-eifeil\/\",\"url\":\"https:\/\/eifeil.com\/index.php\/contact-eifeil\/\",\"name\":\"Contact - EIFEIL\",\"isPartOf\":{\"@id\":\"https:\/\/eifeil.com\/#website\"},\"datePublished\":\"2022-09-06T08:52:29+00:00\",\"dateModified\":\"2026-03-25T13:43:27+00:00\",\"description\":\"Contact - Contactez la f\u00e9d\u00e9ration EIFEIL : adresse, mail, t\u00e9l\u00e9phone, horaires, toutes les informations sont disponibles via cette page.\",\"breadcrumb\":{\"@id\":\"https:\/\/eifeil.com\/index.php\/contact-eifeil\/#breadcrumb\"},\"inLanguage\":\"fr-FR\",\"potentialAction\":[{\"@type\":\"ReadAction\",\"target\":[\"https:\/\/eifeil.com\/index.php\/contact-eifeil\/\"]}]},{\"@type\":\"BreadcrumbList\",\"@id\":\"https:\/\/eifeil.com\/index.php\/contact-eifeil\/#breadcrumb\",\"itemListElement\":[{\"@type\":\"ListItem\",\"position\":1,\"name\":\"Accueil\",\"item\":\"https:\/\/eifeil.com\/\"},{\"@type\":\"ListItem\",\"position\":2,\"name\":\"Contact\"}]},{\"@type\":\"WebSite\",\"@id\":\"https:\/\/eifeil.com\/#website\",\"url\":\"https:\/\/eifeil.com\/\",\"name\":\"EIFEIL\",\"description\":\"\u00c9diteurs Ind\u00e9pendants F\u00e9d\u00e9r\u00e9s en France\",\"potentialAction\":[{\"@type\":\"SearchAction\",\"target\":{\"@type\":\"EntryPoint\",\"urlTemplate\":\"https:\/\/eifeil.com\/?s={search_term_string}\"},\"query-input\":{\"@type\":\"PropertyValueSpecification\",\"valueRequired\":true,\"valueName\":\"search_term_string\"}}],\"inLanguage\":\"fr-FR\"}]}<\/script>\n<!-- \/ Yoast SEO plugin. -->","yoast_head_json":{"title":"Contact - EIFEIL","description":"Contact - Contactez la f\u00e9d\u00e9ration EIFEIL : adresse, mail, t\u00e9l\u00e9phone, horaires, toutes les informations sont disponibles via cette page.","robots":{"index":"index","follow":"follow","max-snippet":"max-snippet:-1","max-image-preview":"max-image-preview:large","max-video-preview":"max-video-preview:-1"},"canonical":"https:\/\/eifeil.com\/index.php\/contact-eifeil\/","og_locale":"fr_FR","og_type":"article","og_title":"Contact - EIFEIL","og_description":"Contact - Contactez la f\u00e9d\u00e9ration EIFEIL : adresse, mail, t\u00e9l\u00e9phone, horaires, toutes les informations sont disponibles via cette page.","og_url":"https:\/\/eifeil.com\/index.php\/contact-eifeil\/","og_site_name":"EIFEIL","article_modified_time":"2026-03-25T13:43:27+00:00","twitter_card":"summary_large_image","twitter_misc":{"Dur\u00e9e de lecture estim\u00e9e":"1 minute"},"schema":{"@context":"https:\/\/schema.org","@graph":[{"@type":"WebPage","@id":"https:\/\/eifeil.com\/index.php\/contact-eifeil\/","url":"https:\/\/eifeil.com\/index.php\/contact-eifeil\/","name":"Contact - EIFEIL","isPartOf":{"@id":"https:\/\/eifeil.com\/#website"},"datePublished":"2022-09-06T08:52:29+00:00","dateModified":"2026-03-25T13:43:27+00:00","description":"Contact - Contactez la f\u00e9d\u00e9ration EIFEIL : adresse, mail, t\u00e9l\u00e9phone, horaires, toutes les informations sont disponibles via cette page.","breadcrumb":{"@id":"https:\/\/eifeil.com\/index.php\/contact-eifeil\/#breadcrumb"},"inLanguage":"fr-FR","potentialAction":[{"@type":"ReadAction","target":["https:\/\/eifeil.com\/index.php\/contact-eifeil\/"]}]},{"@type":"BreadcrumbList","@id":"https:\/\/eifeil.com\/index.php\/contact-eifeil\/#breadcrumb","itemListElement":[{"@type":"ListItem","position":1,"name":"Accueil","item":"https:\/\/eifeil.com\/"},{"@type":"ListItem","position":2,"name":"Contact"}]},{"@type":"WebSite","@id":"https:\/\/eifeil.com\/#website","url":"https:\/\/eifeil.com\/","name":"EIFEIL","description":"\u00c9diteurs Ind\u00e9pendants F\u00e9d\u00e9r\u00e9s en France","potentialAction":[{"@type":"SearchAction","target":{"@type":"EntryPoint","urlTemplate":"https:\/\/eifeil.com\/?s={search_term_string}"},"query-input":{"@type":"PropertyValueSpecification","valueRequired":true,"valueName":"search_term_string"}}],"inLanguage":"fr-FR"}]}},"_links":{"self":[{"href":"https:\/\/eifeil.com\/index.php\/wp-json\/wp\/v2\/pages\/69","targetHints":{"allow":["GET"]}}],"collection":[{"href":"https:\/\/eifeil.com\/index.php\/wp-json\/wp\/v2\/pages"}],"about":[{"href":"https:\/\/eifeil.com\/index.php\/wp-json\/wp\/v2\/types\/page"}],"author":[{"embeddable":true,"href":"https:\/\/eifeil.com\/index.php\/wp-json\/wp\/v2\/users\/1"}],"replies":[{"embeddable":true,"href":"https:\/\/eifeil.com\/index.php\/wp-json\/wp\/v2\/comments?post=69"}],"version-history":[{"count":53,"href":"https:\/\/eifeil.com\/index.php\/wp-json\/wp\/v2\/pages\/69\/revisions"}],"predecessor-version":[{"id":8633,"href":"https:\/\/eifeil.com\/index.php\/wp-json\/wp\/v2\/pages\/69\/revisions\/8633"}],"wp:attachment":[{"href":"https:\/\/eifeil.com\/index.php\/wp-json\/wp\/v2\/media?parent=69"}],"curies":[{"name":"wp","href":"https:\/\/api.w.org\/{rel}","templated":true}]}}