{"id":7467,"date":"2025-04-15T14:54:21","date_gmt":"2025-04-15T12:54:21","guid":{"rendered":"https:\/\/eifeil.com\/?page_id=7467"},"modified":"2025-04-15T15:04:28","modified_gmt":"2025-04-15T13:04:28","slug":"playlists-eifeil","status":"publish","type":"page","link":"https:\/\/eifeil.com\/index.php\/playlists-eifeil\/","title":{"rendered":"Playlist"},"content":{"rendered":"\t\t<div data-elementor-type=\"wp-page\" data-elementor-id=\"7467\" class=\"elementor elementor-7467\">\n\t\t\t\t\t\t<section class=\"elementor-section elementor-top-section elementor-element elementor-element-36a6b32 elementor-section-boxed elementor-section-height-default elementor-section-height-default\" data-id=\"36a6b32\" data-element_type=\"section\" data-e-type=\"section\">\n\t\t\t\t\t\t<div class=\"elementor-container elementor-column-gap-default\">\n\t\t\t\t\t<div class=\"elementor-column elementor-col-100 elementor-top-column elementor-element elementor-element-1752689\" data-id=\"1752689\" data-element_type=\"column\" data-e-type=\"column\">\n\t\t\t<div class=\"elementor-widget-wrap elementor-element-populated\">\n\t\t\t\t\t\t<div class=\"elementor-element elementor-element-4c81a0b elementor-widget elementor-widget-spacer\" data-id=\"4c81a0b\" data-element_type=\"widget\" data-e-type=\"widget\" data-widget_type=\"spacer.default\">\n\t\t\t\t<div class=\"elementor-widget-container\">\n\t\t\t\t\t\t\t<div class=\"elementor-spacer\">\n\t\t\t<div class=\"elementor-spacer-inner\"><\/div>\n\t\t<\/div>\n\t\t\t\t\t\t<\/div>\n\t\t\t\t<\/div>\n\t\t\t\t<div class=\"elementor-element elementor-element-5aac731 elementor-widget elementor-widget-text-editor\" data-id=\"5aac731\" data-element_type=\"widget\" data-e-type=\"widget\" data-widget_type=\"text-editor.default\">\n\t\t\t\t<div class=\"elementor-widget-container\">\n\t\t\t\t\t\t\t\t\t<p>Explorez diff\u00e9rents genres et ambiances avec nos playlists !\u00a0 Enti\u00e8rement compos\u00e9es \u00e0 partir des catalogues de nos adh\u00e9rents, elles mettent en lumi\u00e8re la diversit\u00e9 et la cr\u00e9ativit\u00e9 de notre r\u00e9seau.<\/p>\t\t\t\t\t\t\t\t<\/div>\n\t\t\t\t<\/div>\n\t\t\t\t<div class=\"elementor-element elementor-element-ea9b6c1 elementor-align-center elementor-widget elementor-widget-button\" data-id=\"ea9b6c1\" data-element_type=\"widget\" data-e-type=\"widget\" data-widget_type=\"button.default\">\n\t\t\t\t<div class=\"elementor-widget-container\">\n\t\t\t\t\t\t\t\t\t<div class=\"elementor-button-wrapper\">\n\t\t\t\t\t<a class=\"elementor-button elementor-button-link elementor-size-sm\" href=\"https:\/\/open.spotify.com\/user\/buls75j5fz2b04pdkx5n8440t?si=fc1fcf55cc234759\">\n\t\t\t\t\t\t<span class=\"elementor-button-content-wrapper\">\n\t\t\t\t\t\t\t\t\t<span class=\"elementor-button-text\">Nos playlists sur Spotify<\/span>\n\t\t\t\t\t<\/span>\n\t\t\t\t\t<\/a>\n\t\t\t\t<\/div>\n\t\t\t\t\t\t\t\t<\/div>\n\t\t\t\t<\/div>\n\t\t\t\t<div class=\"elementor-element elementor-element-d0c90d2 elementor-widget elementor-widget-spacer\" data-id=\"d0c90d2\" data-element_type=\"widget\" data-e-type=\"widget\" data-widget_type=\"spacer.default\">\n\t\t\t\t<div class=\"elementor-widget-container\">\n\t\t\t\t\t\t\t<div class=\"elementor-spacer\">\n\t\t\t<div class=\"elementor-spacer-inner\"><\/div>\n\t\t<\/div>\n\t\t\t\t\t\t<\/div>\n\t\t\t\t<\/div>\n\t\t\t\t\t<\/div>\n\t\t<\/div>\n\t\t\t\t\t<\/div>\n\t\t<\/section>\n\t\t\t\t<section class=\"elementor-section elementor-top-section elementor-element elementor-element-8dfa127 elementor-section-boxed elementor-section-height-default elementor-section-height-default\" data-id=\"8dfa127\" data-element_type=\"section\" data-e-type=\"section\">\n\t\t\t\t\t\t<div class=\"elementor-container elementor-column-gap-default\">\n\t\t\t\t\t<div class=\"elementor-column elementor-col-50 elementor-top-column elementor-element elementor-element-6256694\" data-id=\"6256694\" data-element_type=\"column\" data-e-type=\"column\">\n\t\t\t<div class=\"elementor-widget-wrap elementor-element-populated\">\n\t\t\t\t\t\t<div class=\"elementor-element elementor-element-634a7c4 elementor-widget elementor-widget-heading\" data-id=\"634a7c4\" data-element_type=\"widget\" data-e-type=\"widget\" data-widget_type=\"heading.default\">\n\t\t\t\t<div class=\"elementor-widget-container\">\n\t\t\t\t\t<h2 class=\"elementor-heading-title elementor-size-default\">Sun Station<\/h2>\t\t\t\t<\/div>\n\t\t\t\t<\/div>\n\t\t\t\t<div class=\"elementor-element elementor-element-b9f0d38 elementor-widget elementor-widget-text-editor\" data-id=\"b9f0d38\" data-element_type=\"widget\" data-e-type=\"widget\" data-widget_type=\"text-editor.default\">\n\t\t\t\t<div class=\"elementor-widget-container\">\n\t\t\t\t\t\t\t\t\t<p>Playlist pour la saison du soleil et des vacances !<\/p>\t\t\t\t\t\t\t\t<\/div>\n\t\t\t\t<\/div>\n\t\t\t\t<div class=\"elementor-element elementor-element-6791bab elementor-widget elementor-widget-shortcode\" data-id=\"6791bab\" data-element_type=\"widget\" data-e-type=\"widget\" data-widget_type=\"shortcode.default\">\n\t\t\t\t<div class=\"elementor-widget-container\">\n\t\t\t\t\t\t\t<div class=\"elementor-shortcode\"><iframe style=\"border-radius:12px\" src=\"https:\/\/open.spotify.com\/embed\/playlist\/0ifCIi1HHhctx6dBcMEyze?utm_source=generator&theme=0\" width=\"50%\" height=\"352\" frameBorder=\"0\" allowfullscreen=\"\" allow=\"autoplay; clipboard-write; encrypted-media; fullscreen; picture-in-picture\" loading=\"lazy\"><\/iframe><\/div>\n\t\t\t\t\t\t<\/div>\n\t\t\t\t<\/div>\n\t\t\t\t\t<\/div>\n\t\t<\/div>\n\t\t\t\t<div class=\"elementor-column elementor-col-50 elementor-top-column elementor-element elementor-element-4f98b7f\" data-id=\"4f98b7f\" data-element_type=\"column\" data-e-type=\"column\">\n\t\t\t<div class=\"elementor-widget-wrap elementor-element-populated\">\n\t\t\t\t\t\t<div class=\"elementor-element elementor-element-ea016c6 elementor-widget elementor-widget-heading\" data-id=\"ea016c6\" data-element_type=\"widget\" data-e-type=\"widget\" data-widget_type=\"heading.default\">\n\t\t\t\t<div class=\"elementor-widget-container\">\n\t\t\t\t\t<h2 class=\"elementor-heading-title elementor-size-default\">Jazzy Mood<\/h2>\t\t\t\t<\/div>\n\t\t\t\t<\/div>\n\t\t\t\t<div class=\"elementor-element elementor-element-070ba27 elementor-widget elementor-widget-text-editor\" data-id=\"070ba27\" data-element_type=\"widget\" data-e-type=\"widget\" data-widget_type=\"text-editor.default\">\n\t\t\t\t<div class=\"elementor-widget-container\">\n\t\t\t\t\t\t\t\t\t<p><span style=\"font-family: -apple-system, BlinkMacSystemFont, 'Segoe UI', Roboto, Oxygen-Sans, Ubuntu, Cantarell, 'Helvetica Neue', sans-serif;\">C\u00e9l\u00e9brons l&rsquo;arriv\u00e9e du printemps\u00a0<\/span><\/p>\t\t\t\t\t\t\t\t<\/div>\n\t\t\t\t<\/div>\n\t\t\t\t<div class=\"elementor-element elementor-element-0c0a327 elementor-widget elementor-widget-shortcode\" data-id=\"0c0a327\" data-element_type=\"widget\" data-e-type=\"widget\" data-widget_type=\"shortcode.default\">\n\t\t\t\t<div class=\"elementor-widget-container\">\n\t\t\t\t\t\t\t<div class=\"elementor-shortcode\"><iframe style=\"border-radius:12px\" src=\"https:\/\/open.spotify.com\/embed\/playlist\/6LRxK5znpDr483DdzxmvNy?utm_source=generator\" width=\"50%\" height=\"352\" frameBorder=\"0\" allowfullscreen=\"\" allow=\"autoplay; clipboard-write; encrypted-media; fullscreen; picture-in-picture\" loading=\"lazy\"><\/iframe><\/div>\n\t\t\t\t\t\t<\/div>\n\t\t\t\t<\/div>\n\t\t\t\t\t<\/div>\n\t\t<\/div>\n\t\t\t\t\t<\/div>\n\t\t<\/section>\n\t\t\t\t<section class=\"elementor-section elementor-top-section elementor-element elementor-element-c85ae6a elementor-section-boxed elementor-section-height-default elementor-section-height-default\" data-id=\"c85ae6a\" data-element_type=\"section\" data-e-type=\"section\">\n\t\t\t\t\t\t<div class=\"elementor-container elementor-column-gap-default\">\n\t\t\t\t\t<div class=\"elementor-column elementor-col-100 elementor-top-column elementor-element elementor-element-448f710\" data-id=\"448f710\" data-element_type=\"column\" data-e-type=\"column\">\n\t\t\t<div class=\"elementor-widget-wrap elementor-element-populated\">\n\t\t\t\t\t\t<div class=\"elementor-element elementor-element-dee1a0c elementor-widget elementor-widget-spacer\" data-id=\"dee1a0c\" data-element_type=\"widget\" data-e-type=\"widget\" data-widget_type=\"spacer.default\">\n\t\t\t\t<div class=\"elementor-widget-container\">\n\t\t\t\t\t\t\t<div class=\"elementor-spacer\">\n\t\t\t<div class=\"elementor-spacer-inner\"><\/div>\n\t\t<\/div>\n\t\t\t\t\t\t<\/div>\n\t\t\t\t<\/div>\n\t\t\t\t\t<\/div>\n\t\t<\/div>\n\t\t\t\t\t<\/div>\n\t\t<\/section>\n\t\t\t\t<section class=\"elementor-section elementor-top-section elementor-element elementor-element-0076695 elementor-section-boxed elementor-section-height-default elementor-section-height-default\" data-id=\"0076695\" data-element_type=\"section\" data-e-type=\"section\">\n\t\t\t\t\t\t<div class=\"elementor-container elementor-column-gap-default\">\n\t\t\t\t\t<div class=\"elementor-column elementor-col-50 elementor-top-column elementor-element elementor-element-607d5d2\" data-id=\"607d5d2\" data-element_type=\"column\" data-e-type=\"column\">\n\t\t\t<div class=\"elementor-widget-wrap elementor-element-populated\">\n\t\t\t\t\t\t<div class=\"elementor-element elementor-element-36b984a elementor-widget elementor-widget-heading\" data-id=\"36b984a\" data-element_type=\"widget\" data-e-type=\"widget\" data-widget_type=\"heading.default\">\n\t\t\t\t<div class=\"elementor-widget-container\">\n\t\t\t\t\t<h2 class=\"elementor-heading-title elementor-size-default\">Spring Bloom<\/h2>\t\t\t\t<\/div>\n\t\t\t\t<\/div>\n\t\t\t\t<div class=\"elementor-element elementor-element-b30923c elementor-widget elementor-widget-text-editor\" data-id=\"b30923c\" data-element_type=\"widget\" data-e-type=\"widget\" data-widget_type=\"text-editor.default\">\n\t\t\t\t<div class=\"elementor-widget-container\">\n\t\t\t\t\t\t\t\t\t<p><span style=\"font-family: -apple-system, BlinkMacSystemFont, 'Segoe UI', Roboto, Oxygen-Sans, Ubuntu, Cantarell, 'Helvetica Neue', sans-serif;\">C\u00e9l\u00e9brons l&rsquo;arriv\u00e9e du printemps\u00a0<\/span><\/p>\t\t\t\t\t\t\t\t<\/div>\n\t\t\t\t<\/div>\n\t\t\t\t<div class=\"elementor-element elementor-element-c845f49 elementor-widget elementor-widget-shortcode\" data-id=\"c845f49\" data-element_type=\"widget\" data-e-type=\"widget\" data-widget_type=\"shortcode.default\">\n\t\t\t\t<div class=\"elementor-widget-container\">\n\t\t\t\t\t\t\t<div class=\"elementor-shortcode\"><iframe style=\"border-radius:12px\" src=\"https:\/\/open.spotify.com\/embed\/playlist\/1K5MnvBlyAoSpFXLv9jw29?utm_source=generator\" width=\"50%\" height=\"380\" frameBorder=\"0\" allowfullscreen=\"\" allow=\"autoplay; clipboard-write; encrypted-media; fullscreen; picture-in-picture\" loading=\"lazy\"><\/iframe><\/div>\n\t\t\t\t\t\t<\/div>\n\t\t\t\t<\/div>\n\t\t\t\t\t<\/div>\n\t\t<\/div>\n\t\t\t\t<div class=\"elementor-column elementor-col-50 elementor-top-column elementor-element elementor-element-c788a57\" data-id=\"c788a57\" data-element_type=\"column\" data-e-type=\"column\">\n\t\t\t<div class=\"elementor-widget-wrap elementor-element-populated\">\n\t\t\t\t\t\t<div class=\"elementor-element elementor-element-bdad516 elementor-widget elementor-widget-heading\" data-id=\"bdad516\" data-element_type=\"widget\" data-e-type=\"widget\" data-widget_type=\"heading.default\">\n\t\t\t\t<div class=\"elementor-widget-container\">\n\t\t\t\t\t<h2 class=\"elementor-heading-title elementor-size-default\">Women Make Music Too !<\/h2>\t\t\t\t<\/div>\n\t\t\t\t<\/div>\n\t\t\t\t<div class=\"elementor-element elementor-element-92dba3d elementor-widget elementor-widget-text-editor\" data-id=\"92dba3d\" data-element_type=\"widget\" data-e-type=\"widget\" data-widget_type=\"text-editor.default\">\n\t\t\t\t<div class=\"elementor-widget-container\">\n\t\t\t\t\t\t\t\t\t<p>Une playlist qui fait rayonner les artistes femmes<span style=\"font-family: -apple-system, BlinkMacSystemFont, 'Segoe UI', Roboto, Oxygen-Sans, Ubuntu, Cantarell, 'Helvetica Neue', sans-serif;\">\u00a0!\u00a0<\/span><\/p>\t\t\t\t\t\t\t\t<\/div>\n\t\t\t\t<\/div>\n\t\t\t\t<div class=\"elementor-element elementor-element-0869b64 elementor-widget elementor-widget-shortcode\" data-id=\"0869b64\" data-element_type=\"widget\" data-e-type=\"widget\" data-widget_type=\"shortcode.default\">\n\t\t\t\t<div class=\"elementor-widget-container\">\n\t\t\t\t\t\t\t<div class=\"elementor-shortcode\"><iframe style=\"border-radius:12px\" src=\"https:\/\/open.spotify.com\/embed\/playlist\/2C0L33vDQ4oVNR4DDks6xQ?utm_source=generator\" width=\"50%\" height=\"380\" frameBorder=\"0\" allowfullscreen=\"\" allow=\"autoplay; clipboard-write; encrypted-media; fullscreen; picture-in-picture\" loading=\"lazy\"><\/iframe><\/div>\n\t\t\t\t\t\t<\/div>\n\t\t\t\t<\/div>\n\t\t\t\t\t<\/div>\n\t\t<\/div>\n\t\t\t\t\t<\/div>\n\t\t<\/section>\n\t\t\t\t<section class=\"elementor-section elementor-top-section elementor-element elementor-element-3bf0627 elementor-section-boxed elementor-section-height-default elementor-section-height-default\" data-id=\"3bf0627\" data-element_type=\"section\" data-e-type=\"section\">\n\t\t\t\t\t\t<div class=\"elementor-container elementor-column-gap-default\">\n\t\t\t\t\t<div class=\"elementor-column elementor-col-100 elementor-top-column elementor-element elementor-element-d035066\" data-id=\"d035066\" data-element_type=\"column\" data-e-type=\"column\">\n\t\t\t<div class=\"elementor-widget-wrap elementor-element-populated\">\n\t\t\t\t\t\t<div class=\"elementor-element elementor-element-008857d elementor-widget elementor-widget-spacer\" data-id=\"008857d\" data-element_type=\"widget\" data-e-type=\"widget\" data-widget_type=\"spacer.default\">\n\t\t\t\t<div class=\"elementor-widget-container\">\n\t\t\t\t\t\t\t<div class=\"elementor-spacer\">\n\t\t\t<div class=\"elementor-spacer-inner\"><\/div>\n\t\t<\/div>\n\t\t\t\t\t\t<\/div>\n\t\t\t\t<\/div>\n\t\t\t\t\t<\/div>\n\t\t<\/div>\n\t\t\t\t\t<\/div>\n\t\t<\/section>\n\t\t\t\t<section class=\"elementor-section elementor-top-section elementor-element elementor-element-37716e0 elementor-section-boxed elementor-section-height-default elementor-section-height-default\" data-id=\"37716e0\" data-element_type=\"section\" data-e-type=\"section\">\n\t\t\t\t\t\t<div class=\"elementor-container elementor-column-gap-default\">\n\t\t\t\t\t<div class=\"elementor-column elementor-col-50 elementor-top-column elementor-element elementor-element-dcde722\" data-id=\"dcde722\" data-element_type=\"column\" data-e-type=\"column\">\n\t\t\t<div class=\"elementor-widget-wrap elementor-element-populated\">\n\t\t\t\t\t\t<div class=\"elementor-element elementor-element-c3c9105 elementor-widget elementor-widget-heading\" data-id=\"c3c9105\" data-element_type=\"widget\" data-e-type=\"widget\" data-widget_type=\"heading.default\">\n\t\t\t\t<div class=\"elementor-widget-container\">\n\t\t\t\t\t<h2 class=\"elementor-heading-title elementor-size-default\">Chill<\/h2>\t\t\t\t<\/div>\n\t\t\t\t<\/div>\n\t\t\t\t<div class=\"elementor-element elementor-element-561c609 elementor-widget elementor-widget-text-editor\" data-id=\"561c609\" data-element_type=\"widget\" data-e-type=\"widget\" data-widget_type=\"text-editor.default\">\n\t\t\t\t<div class=\"elementor-widget-container\">\n\t\t\t\t\t\t\t\t\t<p>Se d\u00e9tendre en musique !<\/p>\t\t\t\t\t\t\t\t<\/div>\n\t\t\t\t<\/div>\n\t\t\t\t<div class=\"elementor-element elementor-element-5cf34d9 elementor-widget elementor-widget-shortcode\" data-id=\"5cf34d9\" data-element_type=\"widget\" data-e-type=\"widget\" data-widget_type=\"shortcode.default\">\n\t\t\t\t<div class=\"elementor-widget-container\">\n\t\t\t\t\t\t\t<div class=\"elementor-shortcode\"><iframe style=\"border-radius:12px\" src=\"https:\/\/open.spotify.com\/embed\/playlist\/3JJIgmn3jwhyKvXuL3LgUp?utm_source=generator\" width=\"50%\" height=\"380\" frameBorder=\"0\" allowfullscreen=\"\" allow=\"autoplay; clipboard-write; encrypted-media; fullscreen; picture-in-picture\" loading=\"lazy\"><\/iframe><\/div>\n\t\t\t\t\t\t<\/div>\n\t\t\t\t<\/div>\n\t\t\t\t\t<\/div>\n\t\t<\/div>\n\t\t\t\t<div class=\"elementor-column elementor-col-50 elementor-top-column elementor-element elementor-element-828e631\" data-id=\"828e631\" data-element_type=\"column\" data-e-type=\"column\">\n\t\t\t<div class=\"elementor-widget-wrap elementor-element-populated\">\n\t\t\t\t\t\t<div class=\"elementor-element elementor-element-df4c560 elementor-widget elementor-widget-heading\" data-id=\"df4c560\" data-element_type=\"widget\" data-e-type=\"widget\" data-widget_type=\"heading.default\">\n\t\t\t\t<div class=\"elementor-widget-container\">\n\t\t\t\t\t<h2 class=\"elementor-heading-title elementor-size-default\">Ambient<\/h2>\t\t\t\t<\/div>\n\t\t\t\t<\/div>\n\t\t\t\t<div class=\"elementor-element elementor-element-277d3cf elementor-widget elementor-widget-text-editor\" data-id=\"277d3cf\" data-element_type=\"widget\" data-e-type=\"widget\" data-widget_type=\"text-editor.default\">\n\t\t\t\t<div class=\"elementor-widget-container\">\n\t\t\t\t\t\t\t\t\t<p>Une s\u00e9lection de musique pour s&rsquo;\u00e9vader et r\u00eaver !<\/p>\t\t\t\t\t\t\t\t<\/div>\n\t\t\t\t<\/div>\n\t\t\t\t<div class=\"elementor-element elementor-element-dabef84 elementor-widget elementor-widget-shortcode\" data-id=\"dabef84\" data-element_type=\"widget\" data-e-type=\"widget\" data-widget_type=\"shortcode.default\">\n\t\t\t\t<div class=\"elementor-widget-container\">\n\t\t\t\t\t\t\t<div class=\"elementor-shortcode\"><iframe style=\"border-radius:12px\" src=\"https:\/\/open.spotify.com\/embed\/playlist\/5GsHxvCTZCexykA1dwmZV1?utm_source=generator\" width=\"100%\" height=\"380\" frameBorder=\"0\" allowfullscreen=\"\" allow=\"autoplay; clipboard-write; encrypted-media; fullscreen; picture-in-picture\" loading=\"lazy\"><\/iframe><\/div>\n\t\t\t\t\t\t<\/div>\n\t\t\t\t<\/div>\n\t\t\t\t\t<\/div>\n\t\t<\/div>\n\t\t\t\t\t<\/div>\n\t\t<\/section>\n\t\t\t\t<section class=\"elementor-section elementor-top-section elementor-element elementor-element-0b5557b elementor-section-boxed elementor-section-height-default elementor-section-height-default\" data-id=\"0b5557b\" data-element_type=\"section\" data-e-type=\"section\">\n\t\t\t\t\t\t<div class=\"elementor-container elementor-column-gap-default\">\n\t\t\t\t\t<div class=\"elementor-column elementor-col-100 elementor-top-column elementor-element elementor-element-c7f714a\" data-id=\"c7f714a\" data-element_type=\"column\" data-e-type=\"column\">\n\t\t\t<div class=\"elementor-widget-wrap\">\n\t\t\t\t\t\t\t<\/div>\n\t\t<\/div>\n\t\t\t\t\t<\/div>\n\t\t<\/section>\n\t\t\t\t<\/div>\n\t\t","protected":false},"excerpt":{"rendered":"<p>Explorez diff\u00e9rents genres et ambiances avec nos playlists !\u00a0 Enti\u00e8rement compos\u00e9es \u00e0 partir des catalogues de nos adh\u00e9rents, elles mettent en lumi\u00e8re la diversit\u00e9 et la cr\u00e9ativit\u00e9 de notre r\u00e9seau. [&hellip;]<\/p>\n","protected":false},"author":1,"featured_media":0,"parent":0,"menu_order":0,"comment_status":"closed","ping_status":"closed","template":"","meta":{"footnotes":""},"class_list":["post-7467","page","type-page","status-publish","hentry"],"yoast_head":"<!-- This site is optimized with the Yoast SEO plugin v26.6 - https:\/\/yoast.com\/wordpress\/plugins\/seo\/ -->\n<title>Playlist - EIFEIL<\/title>\n<meta name=\"description\" content=\"D\u00e9couvrez toutes nos playlists, m\u00ealant une vari\u00e9t\u00e9 de genres et d\u2019ambiances, cr\u00e9\u00e9es \u00e0 partir des catalogues de nos adh\u00e9rents !\" \/>\n<meta name=\"robots\" content=\"index, follow, max-snippet:-1, max-image-preview:large, max-video-preview:-1\" \/>\n<link rel=\"canonical\" href=\"https:\/\/eifeil.com\/index.php\/playlists-eifeil\/\" \/>\n<meta property=\"og:locale\" content=\"fr_FR\" \/>\n<meta property=\"og:type\" content=\"article\" \/>\n<meta property=\"og:title\" content=\"Playlist - EIFEIL\" \/>\n<meta property=\"og:description\" content=\"D\u00e9couvrez toutes nos playlists, m\u00ealant une vari\u00e9t\u00e9 de genres et d\u2019ambiances, cr\u00e9\u00e9es \u00e0 partir des catalogues de nos adh\u00e9rents !\" \/>\n<meta property=\"og:url\" content=\"https:\/\/eifeil.com\/index.php\/playlists-eifeil\/\" \/>\n<meta property=\"og:site_name\" content=\"EIFEIL\" \/>\n<meta property=\"article:modified_time\" content=\"2025-04-15T13:04:28+00:00\" \/>\n<meta name=\"twitter:card\" content=\"summary_large_image\" \/>\n<meta name=\"twitter:label1\" content=\"Dur\u00e9e de lecture estim\u00e9e\" \/>\n\t<meta name=\"twitter:data1\" content=\"1 minute\" \/>\n<script type=\"application\/ld+json\" class=\"yoast-schema-graph\">{\"@context\":\"https:\/\/schema.org\",\"@graph\":[{\"@type\":\"WebPage\",\"@id\":\"https:\/\/eifeil.com\/index.php\/playlists-eifeil\/\",\"url\":\"https:\/\/eifeil.com\/index.php\/playlists-eifeil\/\",\"name\":\"Playlist - EIFEIL\",\"isPartOf\":{\"@id\":\"https:\/\/eifeil.com\/#website\"},\"datePublished\":\"2025-04-15T12:54:21+00:00\",\"dateModified\":\"2025-04-15T13:04:28+00:00\",\"description\":\"D\u00e9couvrez toutes nos playlists, m\u00ealant une vari\u00e9t\u00e9 de genres et d\u2019ambiances, cr\u00e9\u00e9es \u00e0 partir des catalogues de nos adh\u00e9rents !\",\"breadcrumb\":{\"@id\":\"https:\/\/eifeil.com\/index.php\/playlists-eifeil\/#breadcrumb\"},\"inLanguage\":\"fr-FR\",\"potentialAction\":[{\"@type\":\"ReadAction\",\"target\":[\"https:\/\/eifeil.com\/index.php\/playlists-eifeil\/\"]}]},{\"@type\":\"BreadcrumbList\",\"@id\":\"https:\/\/eifeil.com\/index.php\/playlists-eifeil\/#breadcrumb\",\"itemListElement\":[{\"@type\":\"ListItem\",\"position\":1,\"name\":\"Accueil\",\"item\":\"https:\/\/eifeil.com\/\"},{\"@type\":\"ListItem\",\"position\":2,\"name\":\"Playlist\"}]},{\"@type\":\"WebSite\",\"@id\":\"https:\/\/eifeil.com\/#website\",\"url\":\"https:\/\/eifeil.com\/\",\"name\":\"EIFEIL\",\"description\":\"\u00c9diteurs Ind\u00e9pendants F\u00e9d\u00e9r\u00e9s en France\",\"potentialAction\":[{\"@type\":\"SearchAction\",\"target\":{\"@type\":\"EntryPoint\",\"urlTemplate\":\"https:\/\/eifeil.com\/?s={search_term_string}\"},\"query-input\":{\"@type\":\"PropertyValueSpecification\",\"valueRequired\":true,\"valueName\":\"search_term_string\"}}],\"inLanguage\":\"fr-FR\"}]}<\/script>\n<!-- \/ Yoast SEO plugin. -->","yoast_head_json":{"title":"Playlist - EIFEIL","description":"D\u00e9couvrez toutes nos playlists, m\u00ealant une vari\u00e9t\u00e9 de genres et d\u2019ambiances, cr\u00e9\u00e9es \u00e0 partir des catalogues de nos adh\u00e9rents !","robots":{"index":"index","follow":"follow","max-snippet":"max-snippet:-1","max-image-preview":"max-image-preview:large","max-video-preview":"max-video-preview:-1"},"canonical":"https:\/\/eifeil.com\/index.php\/playlists-eifeil\/","og_locale":"fr_FR","og_type":"article","og_title":"Playlist - EIFEIL","og_description":"D\u00e9couvrez toutes nos playlists, m\u00ealant une vari\u00e9t\u00e9 de genres et d\u2019ambiances, cr\u00e9\u00e9es \u00e0 partir des catalogues de nos adh\u00e9rents !","og_url":"https:\/\/eifeil.com\/index.php\/playlists-eifeil\/","og_site_name":"EIFEIL","article_modified_time":"2025-04-15T13:04:28+00:00","twitter_card":"summary_large_image","twitter_misc":{"Dur\u00e9e de lecture estim\u00e9e":"1 minute"},"schema":{"@context":"https:\/\/schema.org","@graph":[{"@type":"WebPage","@id":"https:\/\/eifeil.com\/index.php\/playlists-eifeil\/","url":"https:\/\/eifeil.com\/index.php\/playlists-eifeil\/","name":"Playlist - EIFEIL","isPartOf":{"@id":"https:\/\/eifeil.com\/#website"},"datePublished":"2025-04-15T12:54:21+00:00","dateModified":"2025-04-15T13:04:28+00:00","description":"D\u00e9couvrez toutes nos playlists, m\u00ealant une vari\u00e9t\u00e9 de genres et d\u2019ambiances, cr\u00e9\u00e9es \u00e0 partir des catalogues de nos adh\u00e9rents !","breadcrumb":{"@id":"https:\/\/eifeil.com\/index.php\/playlists-eifeil\/#breadcrumb"},"inLanguage":"fr-FR","potentialAction":[{"@type":"ReadAction","target":["https:\/\/eifeil.com\/index.php\/playlists-eifeil\/"]}]},{"@type":"BreadcrumbList","@id":"https:\/\/eifeil.com\/index.php\/playlists-eifeil\/#breadcrumb","itemListElement":[{"@type":"ListItem","position":1,"name":"Accueil","item":"https:\/\/eifeil.com\/"},{"@type":"ListItem","position":2,"name":"Playlist"}]},{"@type":"WebSite","@id":"https:\/\/eifeil.com\/#website","url":"https:\/\/eifeil.com\/","name":"EIFEIL","description":"\u00c9diteurs Ind\u00e9pendants F\u00e9d\u00e9r\u00e9s en France","potentialAction":[{"@type":"SearchAction","target":{"@type":"EntryPoint","urlTemplate":"https:\/\/eifeil.com\/?s={search_term_string}"},"query-input":{"@type":"PropertyValueSpecification","valueRequired":true,"valueName":"search_term_string"}}],"inLanguage":"fr-FR"}]}},"_links":{"self":[{"href":"https:\/\/eifeil.com\/index.php\/wp-json\/wp\/v2\/pages\/7467","targetHints":{"allow":["GET"]}}],"collection":[{"href":"https:\/\/eifeil.com\/index.php\/wp-json\/wp\/v2\/pages"}],"about":[{"href":"https:\/\/eifeil.com\/index.php\/wp-json\/wp\/v2\/types\/page"}],"author":[{"embeddable":true,"href":"https:\/\/eifeil.com\/index.php\/wp-json\/wp\/v2\/users\/1"}],"replies":[{"embeddable":true,"href":"https:\/\/eifeil.com\/index.php\/wp-json\/wp\/v2\/comments?post=7467"}],"version-history":[{"count":4,"href":"https:\/\/eifeil.com\/index.php\/wp-json\/wp\/v2\/pages\/7467\/revisions"}],"predecessor-version":[{"id":7472,"href":"https:\/\/eifeil.com\/index.php\/wp-json\/wp\/v2\/pages\/7467\/revisions\/7472"}],"wp:attachment":[{"href":"https:\/\/eifeil.com\/index.php\/wp-json\/wp\/v2\/media?parent=7467"}],"curies":[{"name":"wp","href":"https:\/\/api.w.org\/{rel}","templated":true}]}}